{"id":3,"date":"2026-02-06T08:58:04","date_gmt":"2026-02-06T08:58:04","guid":{"rendered":"http:\/\/jingold.do.devhoop.com\/?page_id=3"},"modified":"2026-03-12T09:34:31","modified_gmt":"2026-03-12T09:34:31","slug":"datenschutzrichtlinie","status":"publish","type":"page","link":"https:\/\/www.jingold.it\/de\/privacy-policy\/","title":{"rendered":"Datenschutzrichtlinie"},"content":{"rendered":"<div data-elementor-type=\"wp-page\" data-elementor-id=\"3\" class=\"elementor elementor-3\" data-elementor-post-type=\"page\">\n\t\t\t\t<div class=\"elementor-element elementor-element-f5074f4 e-con-full e-flex e-con e-parent\" data-id=\"f5074f4\" data-element_type=\"container\" data-e-type=\"container\">\n\t\t\t\t<div class=\"elementor-element elementor-element-6810d757 elementor-widget elementor-widget-text-editor\" data-id=\"6810d757\" data-element_type=\"widget\" data-e-type=\"widget\" data-widget_type=\"text-editor.default\">\n\t\t\t\t\t\t\t\t\t\n<h2 class=\"wp-block-heading\"><strong>Datenschutzrichtlinie Verordnung EU 2016\/679 Gesellschaft Jingold s.p.a.<\/strong><\/h2>\n<p>\u00a0<\/p>\n<p>I. INFORMATIONEN ZUR DATENSCHUTZERKL\u00c4RUNG DER WEBSITE<br \/>Dieses Dokument enth\u00e4lt die notwendigen Informationen bez\u00fcglich der Modalit\u00e4ten, Zeiten und Art der Verarbeitung der personenbezogenen Daten, die durch den Besuch der Websites www.Jingold.it und corporate.jingold.it erhoben werden. Die Information gilt ausschlie\u00dflich f\u00fcr die Online-Aktivit\u00e4ten dieser Website und ist f\u00fcr deren Nutzer g\u00fcltig. Sie gilt nicht f\u00fcr andere Websites, die der Nutzer eventuell \u00fcber Links aufruft. Wenn der Nutzer unter 16 Jahre alt ist, muss er gem\u00e4\u00df Art. 8 Absatz 1 der EU-Verordnung 2016\/679 seine Zustimmung durch die Genehmigung der Eltern oder des Vormunds legitimieren.<\/p>\n<p>II. DATENVERARBEITUNG<br \/><strong>Die betroffene Person<\/strong><br \/>Die betroffene Person bei der Verarbeitung von Daten durch dieses Unternehmen kann verschiedene Rollen einnehmen: Kunde, Lieferant, Informationssuchender, Website-Besucher.<\/p>\n<p><strong>Der Verantwortliche<\/strong><br \/>Der Verantwortliche f\u00fcr die Verarbeitung ist eine nat\u00fcrliche oder juristische Person, eine Beh\u00f6rde, eine Einrichtung oder eine andere Stelle, die allein oder gemeinsam mit anderen \u00fcber die Zwecke und Mittel der Verarbeitung von personenbezogenen Daten entscheidet. Bez\u00fcglich dieser Website ist der Verantwortliche f\u00fcr die Verarbeitung der bereitgestellten Daten Jingold s.p.a. mit Sitz in Cesena, via F.Turati, 650, USt-IdNr. 04030080404, Telefon: +39 0547 317476 \u2013 E-Mail:\u00a0<a href=\"mailto:info@jingold.it\">info@jingold.it<\/a>, PEC\u00a0<a href=\"mailto:jingoldspa@legalmail.it\">jingoldspa@legalmail.it<\/a>.<\/p>\n<p><strong>Die Behandlung und die personenbezogenen Daten<\/strong><br \/>Verarbeitung ist jeder mit oder ohne Hilfe automatisierter Verfahren ausgef\u00fchrte Vorgang oder jede Vorgangsreihe im Zusammenhang mit personenbezogenen Daten oder einer Reihe personenbezogener Daten wie das Erheben, das Erfassen, die Organisation, das Ordnen, die Speicherung, die Anpassung oder Ver\u00e4nderung, das Auslesen, das Abfragen, die Benutzung, die Weitergabe durch \u00dcbermittlung, Verbreitung oder jede andere Form der Bereitstellung, den Abgleich oder die Verkn\u00fcpfung, die Einschr\u00e4nkung, das L\u00f6schen oder die Vernichtung, wie in Artikel 4 der Verordnung (EU) Nr. 679\/2016, auf die verwiesen wird, n\u00e4her ausgef\u00fchrt. Personenbezogene Daten sind alle Informationen, die sich auf eine identifizierte oder identifizierbare nat\u00fcrliche Person (betroffene Person) beziehen; als identifizierbar wird eine nat\u00fcrliche Person angesehen, die direkt oder indirekt identifiziert werden kann, insbesondere durch Zuordnung zu einer Kennung wie einem Namen, zu einer Kennnummer, zu Standortdaten, zu einer Online-Kennung oder zu einem oder mehreren besonderen Merkmalen, die Ausdruck ihrer physischen, physiologischen, genetischen, psychischen, wirtschaftlichen, kulturellen oder sozialen Identit\u00e4t sind, wie sie in Artikel 4 der EU-Verordnung Nr. 679\/2016, auf die verwiesen wird, genauer beschrieben sind.<\/p>\n<p><strong>Der Verantwortliche<\/strong><br \/>Der Auftragsverarbeiter ist eine nat\u00fcrliche oder juristische Person, eine Beh\u00f6rde, eine Dienststelle oder eine andere Stelle, die personenbezogene Daten im Auftrag des Verantwortlichen verarbeitet.<\/p>\n<p>Gem\u00e4\u00df Artikel 28 der EU-Verordnung Nr. 2016\/679 ist der f\u00fcr die Verarbeitung der Daten dieser Website Verantwortliche, wie vom Datenverantwortlichen benannt, Jingold s.p.a.<\/p>\n<p><strong>Der Behandlungsort<\/strong><br \/>Die Verarbeitung der durch die Nutzung der Website generierten Daten erfolgt am Hauptsitz des Verantwortlichen und\/oder durch vom Verantwortlichen ernannte Auftragsverarbeiter.<\/p>\n<p>III. VERARBEITETE DATEN<br \/>Navigationsdaten Die f\u00fcr den Betrieb der Website zust\u00e4ndigen Systeme erfassen im Rahmen ihres ordnungsgem\u00e4\u00dfen Betriebs bestimmte personenbezogene Daten, deren \u00dcbermittlung durch die Verwendung von Internet-Kommunikationsprotokollen implizit ist. Hierbei handelt es sich um Informationen, die nicht erhoben werden, um sie identifizierten Interessenten zuzuordnen, die aber aufgrund ihrer Beschaffenheit durch Verarbeitung und Verkn\u00fcpfung mit Daten Dritter die Identifizierung der Benutzer erm\u00f6glichen k\u00f6nnten.<\/p>\n<ul>\n<li>Die gesammelten Informationen k\u00f6nnten folgende sein:<\/li>\n<li>Internetprotokolladresse (IP);<\/li>\n<li>Art des Browsers und Ger\u00e4teparameter, die zur Verbindung mit der Website verwendet wurden;<\/li>\n<li>Name des Internetdienstanbieters (ISP);<\/li>\n<li>Datum und Besuchszeit;<\/li>\n<li>Besucher-Referrer- und Exit-Website;<\/li>\n<li>eventuell die Anzahl der Klicks.<\/li>\n<\/ul>\n<p>Diese Informationen werden automatisiert und ausschlie\u00dflich in aggregierter Form verarbeitet, um die ordnungsgem\u00e4\u00dfe Funktion der Website und aus Sicherheitsgr\u00fcnden zu \u00fcberpr\u00fcfen.<\/p>\n<p>Aus Sicherheitsgr\u00fcnden k\u00f6nnen einige Daten (wie die IP-Adresse) gem\u00e4\u00df den geltenden Gesetzen auch zur Feststellung von Verantwortlichkeiten im Falle hypothetischer Computerkriminalit\u00e4t zum Nachteil der Website verwendet werden.<\/p>\n<p><strong>Vom Nutzer freiwillig bereitgestellte Daten<\/strong><br \/>Die wichtigsten sind: Vorname, Nachname, E-Mail-Adresse, Geburtsdatum, physische Adresse, Mobilfunknummer. Das freiwillige, ausdr\u00fcckliche und absichtliche \u00dcbermitteln von Daten per E-Mail an die auf dieser Website angegebene Adresse oder \u00fcber ein auf der Website enthaltenes Dateneingabeformular hat die anschlie\u00dfende Erfassung der Absenderadresse zur Folge, die zur Beantwortung von Anfragen erforderlich ist, sowie aller anderen personenbezogenen Daten, die in der Nachricht enthalten sind.<\/p>\n<p><strong>Kekse<br \/><\/strong>Diese Website verwendet Cookies, kleine Textzeichenfolgen, die dazu dienen, bestimmte Informationen zu speichern, die den Nutzer, seine Pr\u00e4ferenzen oder das Internetzugangsger\u00e4t (Computer, Tablet oder Mobiltelefon) betreffen k\u00f6nnen: Sie werden haupts\u00e4chlich verwendet, um die Funktionsweise der Website an die Erwartungen des Nutzers anzupassen, ein personalisierteres Navigationserlebnis zu bieten und zuvor getroffene Entscheidungen zu speichern.<\/p>\n<p>Durch die Nutzung der Website stimmt der Nutzer ausdr\u00fccklich der Verwendung von Cookies zu.<\/p>\n<p>Diese Website hat jedoch keine Kontrolle \u00fcber Cookies von Drittanbietern, die vollst\u00e4ndig von diesen verwaltet werden.<\/p>\n<p><strong>Cookies deaktivieren<\/strong><br \/>Da Cookies mit dem verwendeten Browser verkn\u00fcpft sind, k\u00f6nnen diese direkt vom Browser deaktiviert werden, indem der Cookies-Nutzung widersprochen oder die Zustimmung widerrufen wird. Die Deaktivierung von Cookies kann jedoch die ordnungsgem\u00e4\u00dfe Nutzung einiger Website-Funktionen verhindern.<\/p>\n<p>Die Anweisungen zum Deaktivieren von Cookies finden Sie auf den Webseiten der Browser:<br \/>Mozilla Firefox \u2013 Microsoft Internet Explorer \u2013 Microsoft Edge \u2013 Google Chrome \u2013 Opera \u2013 Apple Safari<\/p>\n<p>IV. ZWECK DER DATENVERARBEITUNG<br \/>Die bereitgestellten personenbezogenen Daten werden im Einklang mit den Rechtm\u00e4\u00dfigkeitsbedingungen gem\u00e4\u00df Art. 6 EU-DSGVO f\u00fcr folgende Zwecke verarbeitet:<\/p>\n<ul>\n<li>Navigation auf dieser Webseite;<\/li>\n<li>m\u00f6gliche Ausf\u00fcllung von Datenerfassungsformularen f\u00fcr die Zusendung einer Informationsanfrage an den Verantwortlichen der Verarbeitung;<\/li>\n<li>Erf\u00fcllung vertraglicher, gesetzlicher Pflichten und f\u00fcr die Zwecke der Rechnungsf\u00fchrung und Verwaltung.<\/li>\n<\/ul>\n<p>F\u00fcr die Anwendung der Bestimmungen zum Schutz personenbezogener Daten sind die f\u00fcr Verwaltungs- und Buchhaltungszwecke durchgef\u00fchrten Verarbeitungen diejenigen, die mit der Durchf\u00fchrung der organisatorischen, administrativen, finanziellen und buchhalterischen T\u00e4tigkeiten des Unternehmens verbunden sind.<\/p>\n<p>V. BEHANDLUNGSMODALIT\u00c4TEN<br \/><strong>Regelprinzipien<\/strong><br \/>Die Verarbeitung personenbezogener Daten wird auf den Grunds\u00e4tzen der Richtigkeit, Rechtm\u00e4\u00dfigkeit, Transparenz und Wesentlichkeit beruhen und mit gr\u00f6\u00dfter Achtung vor der Zweckbindung und der Minimierung der gespeicherten Daten erfolgen. Die Navigation auf der Website sowie die manuelle und die computergest\u00fctzte\/elektronische Verarbeitung wurden nach den Grundprinzipien der Datenschutzgesetzgebung organisiert:<\/p>\n<ul>\n<li>Verantwortlichkeitsprinzip: Die Verarbeitung wird von eigens daf\u00fcr vorgesehenen verantwortlichen Personen innerhalb der Organisation durchgef\u00fchrt;<\/li>\n<li>Transparenzprinzip: Die Art der Verarbeitung, der Inhaltsdaten und elektronischen Daten unterzogen werden, wird klar und sofort angegeben;<\/li>\n<li>Grundsatz der Relevanz der Sammlung: Personenbezogene Daten werden rechtm\u00e4\u00dfig und ordnungsgem\u00e4\u00df verarbeitet; sie werden f\u00fcr bestimmte, ausdr\u00fcckliche und legitime Zwecke im Einklang mit den institutionellen Funktionen des Unternehmens erhoben; sie sind f\u00fcr die Zwecke der Verarbeitung relevant und nicht \u00fcberm\u00e4\u00dfig; sie werden f\u00fcr den f\u00fcr die Zwecke der Sammlung erforderlichen Zeitraum aufbewahrt.;<\/li>\n<li>Grunds\u00e4tze der Zweckbindung, Datenminimierung und Speicherbegrenzung: die Verarbeitungs- und Speicherfrist f\u00fcr personenbezogene Daten wird auf das absolut Notwendige beschr\u00e4nkt. Personenbezogene Daten werden nur so lange gespeichert, wie der Zweck der Verarbeitung mit anderen Mitteln nicht vern\u00fcnftigerweise erreicht werden kann. Personenbezogene Daten werden au\u00dferdem gel\u00f6scht, sobald der Zweck ihrer Nutzung erf\u00fcllt ist;<\/li>\n<li>Grundsatz des Verwendungszwecks: Die Zwecke der Verarbeitung personenbezogener Daten sind bereits im entsprechenden Absatz angegeben. Jegliche neue Datenverarbeitung, die nicht mit den erkl\u00e4rten Zwecken \u00fcbereinstimmt, wird nur nach einer neuen Mitteilung an die betroffene Person aktiviert.;<\/li>\n<li>Grundsatz der \u00dcberpr\u00fcfbarkeit: Personenbezogene Daten sind korrekt und im Laufe der Zeit aktuell. Sie werden auch so organisiert und gespeichert, dass die betroffene Person die M\u00f6glichkeit hat, auf Wunsch zu erfahren, welche Informationen gesammelt und gespeichert wurden, deren Qualit\u00e4t zu kontrollieren und gegebenenfalls deren Korrektur, Erg\u00e4nzung, Deindexierung aus Suchmaschinen, L\u00f6schung wegen rechtswidriger Verarbeitung oder Widerspruch gegen die Verarbeitung zu verlangen und alle anderen Rechte gem\u00e4\u00df und im Rahmen der EU-Verordnung 2016\/679 auszu\u00fcben, indem die Anfrage an folgende E-Mail-Adresse gesendet wird: <a href=\"mailto:info@jingold.it\">info@jingold.it<\/a><\/li>\n<li>Sicherheitsprinzip: Personenbezogene Daten werden durch technische, informatorische, organisatorische, logistische und verfahrenstechnische Sicherheitsma\u00dfnahmen gegen die Risiken von Zerst\u00f6rung oder Verlust, auch versehentlich, und gegen unbefugten Zugriff oder nicht zul\u00e4ssige Verarbeitung gesch\u00fctzt. Diese Ma\u00dfnahmen werden regelm\u00e4\u00dfig auf der Grundlage des technischen Fortschritts, der Art der Daten und der spezifischen Merkmale der Verarbeitung aktualisiert, st\u00e4ndig \u00fcberwacht und im Laufe der Zeit \u00fcberpr\u00fcft.<\/li>\n<\/ul>\n<p><strong>Behandlungsmodalit\u00e4ten<\/strong><br \/>Die Daten werden auf zwei Arten erhoben: direkte manuelle Erfassung durch einen Mitarbeiter und\/oder Vertreter sowie den Benutzer, Erfassung per E-Mail und \u00fcber die Website www.jingold.it und corporate.jingold.it.<\/p>\n<p>Die Behandlungen k\u00f6nnen mit Papier- und\/oder digitalen Werkzeugen durchgef\u00fchrt werden, wobei stets die absolute Vertraulichkeit, Relevanz und Nicht\u00fcberschreitung der oben genannten Zwecke gew\u00e4hrleistet ist. Der f\u00fcr die Verarbeitung Verantwortliche \u00fcbernimmt keine Verantwortung f\u00fcr die Regeln und Modalit\u00e4ten der Verarbeitung personenbezogener Daten, die von externen Websites, die nicht zur Gesellschaft Jingold s.p.a. geh\u00f6ren, aber \u00fcber digitale Seiten durch Links und Verweise erreichbar sind, \u00fcbernommen werden.<\/p>\n<p>VI. RECHTE DES NUTZERS<br \/>Der Nutzer kann gem\u00e4\u00df den Modalit\u00e4ten und im Rahmen der geltenden Vorschriften die verarbeiteten Daten einsehen und, sofern die Voraussetzungen gegeben sind, die verschiedenen Rechte im Zusammenhang mit deren Verwendung aus\u00fcben (Recht auf Auskunft, Berichtigung, Aktualisierung, Erg\u00e4nzung, L\u00f6schung, Einschr\u00e4nkung der Verarbeitung, Daten\u00fcbertragbarkeit, Widerruf der Einwilligung zur Verarbeitung, Recht auf eine Kopie seiner Daten, sofern diese au\u00dferhalb der Europ\u00e4ischen Union gespeichert sind, sowie auf Angabe des Ortes, an dem diese Daten gespeichert oder \u00fcbermittelt werden), ferner aus berechtigten Gr\u00fcnden einer besonderen Verarbeitung oder gleichwohl deren Verwendung zu kommerziellen Zwecken, ganz oder teilweise, auch in Bezug auf die Verwendung automatisierter Verfahren widersprechen. Etwaige Anfragen sind an den f\u00fcr die Verarbeitung Verantwortlichen zu richten, indem eine E-Mail an die folgende Adresse gesendet wird\u00a0<a href=\"mailto:info@jingold.it\">info@jingold.it<\/a>.<\/p>\n<p>VII. KOMMUNIKATION AN NICHT-EU-L\u00c4NDER UND INTERNATIONALE ORGANISATIONEN<br \/>Die Datenverarbeitung kann auch eine \u00dcbermittlung ins Ausland, sowohl innerhalb als auch au\u00dferhalb der Europ\u00e4ischen Union, zu Zwecken der F\u00f6rderung des internationalen Handels umfassen und ist auf die unbedingt erforderlichen Daten beschr\u00e4nkt. Es wird darauf hingewiesen, dass die \u00dcbermittlung von verarbeiteten Daten an Drittl\u00e4nder au\u00dferhalb der EU oder an internationale Organisationen ausschlie\u00dflich dann erfolgt, wenn mindestens eine der folgenden Bedingungen erf\u00fcllt ist: Es gibt verbindliche Unternehmensregeln; es besteht ein berechtigtes Interesse des Verantwortlichen.<\/p>\n<p>VIII. DATENPANNE<br \/>Im Falle eines Datenverlusts der betroffenen Person (Fall eines Datenlecks) wird die Gesellschaft Jingold s.p.a. unverz\u00fcglich die betroffene Person und die zust\u00e4ndigen Beh\u00f6rden dar\u00fcber informieren.<\/p>\n<p>IX. \u00c4NDERUNGEN AN DIESEM DOKUMENT<br \/>Dieses Dokument kann jederzeit ge\u00e4ndert und\/oder aktualisiert werden. Der Nutzer ist verpflichtet, die etwaigen \u00c4nderungen regelm\u00e4\u00dfig zu \u00fcberpr\u00fcfen. Um diese \u00dcberpr\u00fcfung zu erleichtern, enth\u00e4lt die Mitteilung das Datum der Aktualisierung. Im Falle wesentlicher \u00c4nderungen und\/oder Aktualisierungen werden diese dem Nutzer durch entsprechende Benachrichtigungen mitgeteilt. Die Nutzung der Website nach Ver\u00f6ffentlichung der \u00c4nderungen gilt als deren Annahme.<\/p>\t\t\t\t\t\t\t\t<\/div>\n\t\t\t\t<\/div>\n\t\t\t\t<\/div>","protected":false},"excerpt":{"rendered":"<p>Policy Data Protection Regolamento UE 2016\/679 Societ\u00e0 Jingold s.p.a. \u00a0 I. INFORMAZIONI RELATIVE ALLA PRIVACY POLICY DEL SITOIn questo documento [&hellip;]<\/p>\n","protected":false},"author":1,"featured_media":0,"parent":0,"menu_order":0,"comment_status":"closed","ping_status":"closed","template":"elementor_header_footer","meta":{"_acf_changed":false,"site-sidebar-layout":"default","site-content-layout":"","ast-site-content-layout":"","site-content-style":"default","site-sidebar-style":"default","ast-global-header-display":"","ast-banner-title-visibility":"","ast-main-header-display":"","ast-hfb-above-header-display":"","ast-hfb-below-header-display":"","ast-hfb-mobile-header-display":"","site-post-title":"","ast-breadcrumbs-content":"","ast-featured-img":"","footer-sml-layout":"","theme-transparent-header-meta":"","adv-header-id-meta":"","stick-header-meta":"","header-above-stick-meta":"","header-main-stick-meta":"","header-below-stick-meta":"","astra-migrate-meta-layouts":"default","ast-page-background-enabled":"default","ast-page-background-meta":{"desktop":{"background-color":"var(--ast-global-color-5)","background-image":"","background-repeat":"repeat","background-position":"center center","background-size":"auto","background-attachment":"scroll","background-type":"","background-media":"","overlay-type":"","overlay-color":"","overlay-opacity":"","overlay-gradient":""},"tablet":{"background-color":"","background-image":"","background-repeat":"repeat","background-position":"center center","background-size":"auto","background-attachment":"scroll","background-type":"","background-media":"","overlay-type":"","overlay-color":"","overlay-opacity":"","overlay-gradient":""},"mobile":{"background-color":"","background-image":"","background-repeat":"repeat","background-position":"center center","background-size":"auto","background-attachment":"scroll","background-type":"","background-media":"","overlay-type":"","overlay-color":"","overlay-opacity":"","overlay-gradient":""}},"ast-content-background-meta":{"desktop":{"background-color":"var(--ast-global-color-4)","background-image":"","background-repeat":"repeat","background-position":"center center","background-size":"auto","background-attachment":"scroll","background-type":"","background-media":"","overlay-type":"","overlay-color":"","overlay-opacity":"","overlay-gradient":""},"tablet":{"background-color":"var(--ast-global-color-4)","background-image":"","background-repeat":"repeat","background-position":"center center","background-size":"auto","background-attachment":"scroll","background-type":"","background-media":"","overlay-type":"","overlay-color":"","overlay-opacity":"","overlay-gradient":""},"mobile":{"background-color":"var(--ast-global-color-4)","background-image":"","background-repeat":"repeat","background-position":"center center","background-size":"auto","background-attachment":"scroll","background-type":"","background-media":"","overlay-type":"","overlay-color":"","overlay-opacity":"","overlay-gradient":""}},"footnotes":""},"class_list":["post-3","page","type-page","status-publish","hentry"],"acf":[],"yoast_head":"<!-- This site is optimized with the Yoast SEO plugin v26.9 - https:\/\/yoast.com\/product\/yoast-seo-wordpress\/ -->\n<title>Privacy Policy - Jingold<\/title>\n<meta name=\"robots\" content=\"index, follow, max-snippet:-1, max-image-preview:large, max-video-preview:-1\" \/>\n<link rel=\"canonical\" href=\"https:\/\/www.jingold.it\/de\/datenschutzrichtlinie\/\" \/>\n<meta property=\"og:locale\" content=\"de_DE\" \/>\n<meta property=\"og:type\" content=\"article\" \/>\n<meta property=\"og:title\" content=\"Privacy Policy - Jingold\" \/>\n<meta property=\"og:description\" content=\"Policy Data Protection Regolamento UE 2016\/679 Societ\u00e0 Jingold s.p.a. \u00a0 I. INFORMAZIONI RELATIVE ALLA PRIVACY POLICY DEL SITOIn questo documento [&hellip;]\" \/>\n<meta property=\"og:url\" content=\"https:\/\/www.jingold.it\/de\/datenschutzrichtlinie\/\" \/>\n<meta property=\"og:site_name\" content=\"Jingold\" \/>\n<meta property=\"article:modified_time\" content=\"2026-03-12T09:34:31+00:00\" \/>\n<meta name=\"twitter:card\" content=\"summary_large_image\" \/>\n<meta name=\"twitter:label1\" content=\"Gesch\u00e4tzte Lesezeit\" \/>\n\t<meta name=\"twitter:data1\" content=\"8\u00a0Minuten\" \/>\n<script type=\"application\/ld+json\" class=\"yoast-schema-graph\">{\"@context\":\"https:\/\/schema.org\",\"@graph\":[{\"@type\":\"WebPage\",\"@id\":\"https:\/\/www.jingold.it\/privacy-policy\/\",\"url\":\"https:\/\/www.jingold.it\/privacy-policy\/\",\"name\":\"Privacy Policy - Jingold\",\"isPartOf\":{\"@id\":\"https:\/\/www.jingold.it\/#website\"},\"datePublished\":\"2026-02-06T08:58:04+00:00\",\"dateModified\":\"2026-03-12T09:34:31+00:00\",\"breadcrumb\":{\"@id\":\"https:\/\/www.jingold.it\/privacy-policy\/#breadcrumb\"},\"inLanguage\":\"de\",\"potentialAction\":[{\"@type\":\"ReadAction\",\"target\":[\"https:\/\/www.jingold.it\/privacy-policy\/\"]}]},{\"@type\":\"BreadcrumbList\",\"@id\":\"https:\/\/www.jingold.it\/privacy-policy\/#breadcrumb\",\"itemListElement\":[{\"@type\":\"ListItem\",\"position\":1,\"name\":\"Home\",\"item\":\"https:\/\/www.jingold.it\/\"},{\"@type\":\"ListItem\",\"position\":2,\"name\":\"Privacy Policy\"}]},{\"@type\":\"WebSite\",\"@id\":\"https:\/\/www.jingold.it\/#website\",\"url\":\"https:\/\/www.jingold.it\/\",\"name\":\"Jingold\",\"description\":\"Kiwi giallo, rosso e verde\",\"publisher\":{\"@id\":\"https:\/\/www.jingold.it\/#organization\"},\"potentialAction\":[{\"@type\":\"SearchAction\",\"target\":{\"@type\":\"EntryPoint\",\"urlTemplate\":\"https:\/\/www.jingold.it\/?s={search_term_string}\"},\"query-input\":{\"@type\":\"PropertyValueSpecification\",\"valueRequired\":true,\"valueName\":\"search_term_string\"}}],\"inLanguage\":\"de\"},{\"@type\":\"Organization\",\"@id\":\"https:\/\/www.jingold.it\/#organization\",\"name\":\"Jingold\",\"url\":\"https:\/\/www.jingold.it\/\",\"logo\":{\"@type\":\"ImageObject\",\"inLanguage\":\"de\",\"@id\":\"https:\/\/www.jingold.it\/#\/schema\/logo\/image\/\",\"url\":\"https:\/\/www.jingold.it\/wp-content\/uploads\/2026\/02\/LOGO-7.png\",\"contentUrl\":\"https:\/\/www.jingold.it\/wp-content\/uploads\/2026\/02\/LOGO-7.png\",\"width\":309,\"height\":85,\"caption\":\"Jingold\"},\"image\":{\"@id\":\"https:\/\/www.jingold.it\/#\/schema\/logo\/image\/\"}}]}<\/script>\n<!-- \/ Yoast SEO plugin. -->","yoast_head_json":{"title":"Datenschutzrichtlinie - Jingold","robots":{"index":"index","follow":"follow","max-snippet":"max-snippet:-1","max-image-preview":"max-image-preview:large","max-video-preview":"max-video-preview:-1"},"canonical":"https:\/\/www.jingold.it\/de\/datenschutzrichtlinie\/","og_locale":"de_DE","og_type":"article","og_title":"Privacy Policy - Jingold","og_description":"Policy Data Protection Regolamento UE 2016\/679 Societ\u00e0 Jingold s.p.a. \u00a0 I. INFORMAZIONI RELATIVE ALLA PRIVACY POLICY DEL SITOIn questo documento [&hellip;]","og_url":"https:\/\/www.jingold.it\/de\/datenschutzrichtlinie\/","og_site_name":"Jingold","article_modified_time":"2026-03-12T09:34:31+00:00","twitter_card":"summary_large_image","twitter_misc":{"Gesch\u00e4tzte Lesezeit":"8\u00a0Minuten"},"schema":{"@context":"https:\/\/schema.org","@graph":[{"@type":"WebPage","@id":"https:\/\/www.jingold.it\/privacy-policy\/","url":"https:\/\/www.jingold.it\/privacy-policy\/","name":"Datenschutzrichtlinie - Jingold","isPartOf":{"@id":"https:\/\/www.jingold.it\/#website"},"datePublished":"2026-02-06T08:58:04+00:00","dateModified":"2026-03-12T09:34:31+00:00","breadcrumb":{"@id":"https:\/\/www.jingold.it\/privacy-policy\/#breadcrumb"},"inLanguage":"de","potentialAction":[{"@type":"ReadAction","target":["https:\/\/www.jingold.it\/privacy-policy\/"]}]},{"@type":"BreadcrumbList","@id":"https:\/\/www.jingold.it\/privacy-policy\/#breadcrumb","itemListElement":[{"@type":"ListItem","position":1,"name":"Home","item":"https:\/\/www.jingold.it\/"},{"@type":"ListItem","position":2,"name":"Privacy Policy"}]},{"@type":"WebSite","@id":"https:\/\/www.jingold.it\/#website","url":"https:\/\/www.jingold.it\/","name":"Jingold","description":"Gelbe, rote und gr\u00fcne Kiwi","publisher":{"@id":"https:\/\/www.jingold.it\/#organization"},"potentialAction":[{"@type":"SearchAction","target":{"@type":"EntryPoint","urlTemplate":"https:\/\/www.jingold.it\/?s={search_term_string}"},"query-input":{"@type":"PropertyValueSpecification","valueRequired":true,"valueName":"search_term_string"}}],"inLanguage":"de"},{"@type":"Organization","@id":"https:\/\/www.jingold.it\/#organization","name":"Jingold","url":"https:\/\/www.jingold.it\/","logo":{"@type":"ImageObject","inLanguage":"de","@id":"https:\/\/www.jingold.it\/#\/schema\/logo\/image\/","url":"https:\/\/www.jingold.it\/wp-content\/uploads\/2026\/02\/LOGO-7.png","contentUrl":"https:\/\/www.jingold.it\/wp-content\/uploads\/2026\/02\/LOGO-7.png","width":309,"height":85,"caption":"Jingold"},"image":{"@id":"https:\/\/www.jingold.it\/#\/schema\/logo\/image\/"}}]}},"_links":{"self":[{"href":"https:\/\/www.jingold.it\/de\/wp-json\/wp\/v2\/pages\/3","targetHints":{"allow":["GET"]}}],"collection":[{"href":"https:\/\/www.jingold.it\/de\/wp-json\/wp\/v2\/pages"}],"about":[{"href":"https:\/\/www.jingold.it\/de\/wp-json\/wp\/v2\/types\/page"}],"author":[{"embeddable":true,"href":"https:\/\/www.jingold.it\/de\/wp-json\/wp\/v2\/users\/1"}],"replies":[{"embeddable":true,"href":"https:\/\/www.jingold.it\/de\/wp-json\/wp\/v2\/comments?post=3"}],"version-history":[{"count":10,"href":"https:\/\/www.jingold.it\/de\/wp-json\/wp\/v2\/pages\/3\/revisions"}],"predecessor-version":[{"id":3077,"href":"https:\/\/www.jingold.it\/de\/wp-json\/wp\/v2\/pages\/3\/revisions\/3077"}],"wp:attachment":[{"href":"https:\/\/www.jingold.it\/de\/wp-json\/wp\/v2\/media?parent=3"}],"curies":[{"name":"wp","href":"https:\/\/api.w.org\/{rel}","templated":true}]}}