{"id":26649,"date":"2020-04-17T10:05:11","date_gmt":"2020-04-17T08:05:11","guid":{"rendered":"https:\/\/www.jingold.it\/?page_id=26649"},"modified":"2021-10-11T09:00:36","modified_gmt":"2021-10-11T07:00:36","slug":"quien-es-2","status":"publish","type":"page","link":"https:\/\/www.jingold.it\/es\/quien-es-2\/","title":{"rendered":"\u00bfQui\u00e9n es"},"content":{"rendered":"[mk_page_section bg_color=&#8221;#ffffff&#8221; bg_image=&#8221;https:\/\/www.jingold.it\/wp-content\/uploads\/2014\/02\/perche-scegliere1.jpg&#8221; attachment=&#8221;fixed&#8221; bg_position=&#8221;center top&#8221; bg_repeat=&#8221;no-repeat&#8221; bg_stretch=&#8221;true&#8221; parallax=&#8221;true&#8221; color_mask=&#8221;#000000&#8243; mask_opacity=&#8221;0&#8243; padding=&#8221;0&#8243; full_height=&#8221;true&#8221; section_id=&#8221;tk-0&#8243;][vc_column][mk_padding_divider size=&#8221;70&#8243;][mk_fancy_title size=&#8221;80&#8243; line_height=&#8221;90&#8243; color=&#8221;#29609b&#8221; font_weight=&#8221;300&#8243; font_family=&#8221;none&#8221; align=&#8221;center&#8221; animation=&#8221;fade-in&#8221;]\u00bfQUI\u00c9N ES [\/mk_fancy_title][mk_fancy_title size=&#8221;80&#8243; line_height=&#8221;90&#8243; color=&#8221;#29609b&#8221; font_weight=&#8221;300&#8243; font_family=&#8221;none&#8221; align=&#8221;center&#8221; animation=&#8221;fade-in&#8221;]<span data-typer-targets=\"\">JINGOLD?<br \/>\n<\/span>[\/mk_fancy_title][mk_padding_divider size=&#8221;50&#8243;][mk_font_icons icon=&#8221;theme-icon-bottom-bigger&#8221; style=&#8221;custom&#8221; color=&#8221;#000000&#8243; border_color=&#8221;#000000&#8243; size=&#8221;medium&#8221; remove_frame=&#8221;true&#8221; align=&#8221;center&#8221; infinite_animation=&#8221;float-vertical&#8221; animation=&#8221;bottom-to-top&#8221;][\/vc_column][\/mk_page_section][vc_row fullwidth=&#8221;true&#8221; fullwidth_content=&#8221;false&#8221; css=&#8221;.vc_custom_1581928359806{padding-top: 0px !important;padding-right: 0px !important;padding-bottom: 0px !important;padding-left: 0px !important;background: #f1bb37 url(https:\/\/www.jingold.it\/wp-content\/uploads\/2020\/02\/back1.jpg?id=25582) !important;}&#8221;][vc_column][mk_padding_divider size=&#8221;60&#8243;][mk_fancy_text color=&#8221;#8c6628&#8243; highlight_color=&#8221;#f7d784&#8243; highlight_opacity=&#8221;0&#8243; font_family=&#8221;none&#8221; align=&#8221;center&#8221;]\n<p style=\"text-align: center;\">Jingold se cre\u00f3 para proteger y garantizar el sabor y la excelencia de una fruta \u00fanica: el kiwi, una fruta conocida y apreciada en todo el mundo por su inimitable sabor y sus extraordinarias propiedades nutrac\u00e9uticas.<\/p>\n[\/mk_fancy_text][mk_fancy_text color=&#8221;#8c6628&#8243; highlight_color=&#8221;#f7d784&#8243; highlight_opacity=&#8221;0&#8243; font_family=&#8221;none&#8221; align=&#8221;center&#8221;]\n<p style=\"text-align: center;\">La marca Jingold es sin\u00f3nimo de calidad y de mantenimiento de los m\u00e1s altos est\u00e1ndares de producci\u00f3n, motivo de seguridad y confianza para el consumidor. Los productores y los distribuidores unieron sus fuerzas en 2001 para crear un v\u00ednculo directo entre los productores de kiwi y el mercado, que hoy en d\u00eda cuenta con m\u00e1s de 800 productores en Italia y en todo el mundo. La misi\u00f3n y la filosof\u00eda tienen como objetivo la m\u00e1xima valorizaci\u00f3n del producto comercializado, con la intenci\u00f3n de satisfacer y superar las expectativas de los clientes y consumidores en t\u00e9rminos de sabor, calidad, valor y sostenibilidad.<\/p>\n[\/mk_fancy_text][mk_padding_divider size=&#8221;50&#8243;][\/vc_column][\/vc_row][vc_row fullwidth=&#8221;true&#8221; css=&#8221;.vc_custom_1625127766106{padding-top: 0px !important;padding-right: 0px !important;padding-bottom: 0px !important;padding-left: 0px !important;background-image: url(https:\/\/www.jingold.it\/wp-content\/uploads\/2021\/07\/agricoltore.jpg?id=29914) !important;}&#8221;][vc_column][vc_empty_space height=&#8221;650px&#8221;][\/vc_column][\/vc_row][vc_row fullwidth=&#8221;true&#8221; fullwidth_content=&#8221;false&#8221; padding=&#8221;2&#8243; css=&#8221;.vc_custom_1583338589232{padding-top: 0px !important;padding-right: 30px !important;padding-bottom: 0px !important;padding-left: 30px !important;background: #f1bb37 url(https:\/\/www.jingold.it\/wp-content\/uploads\/2020\/02\/back2.jpg?id=25593) !important;background-position: center !important;background-repeat: no-repeat !important;background-size: cover !important;}&#8221;][vc_column][mk_padding_divider][mk_fancy_title style=&#8221;stroke&#8221; border_width=&#8221;7&#8243; size=&#8221;26&#8243; line_height=&#8221;33&#8243; color=&#8221;#8c6628&#8243; letter_spacing=&#8221;5&#8243; font_family=&#8221;none&#8221; margin_bottom=&#8221;60&#8243; align=&#8221;center&#8221; animation=&#8221;flip-x&#8221;]LA TIERRA Y LOS PRODUCTORES<br \/>\nEl recorrido del kiwi bajo el lema de la calidad[\/mk_fancy_title][mk_fancy_text color=&#8221;#8c6628&#8243; highlight_color=&#8221;#f7d784&#8243; highlight_opacity=&#8221;0&#8243; font_family=&#8221;none&#8221; align=&#8221;center&#8221;]Desde el nacimiento hasta el consumo, el kiwi sigue un recorrido \u00fanico: el de la excelencia. \u00c9sta es una peculiaridad que se origina en el territorio de producci\u00f3n y que se confirma en las sabias manos de los cultivadores y productores. Agr\u00f3nomos expertos seleccionan las zonas m\u00e1s adecuadas, tanto en Italia como en el resto del mundo, para el cultivo de frutas buenas y sabrosas.<\/p>\n<p>La producci\u00f3n se lleva a cabo en los dos hemisferios, con el fin de garantizar al mercado una oferta constante durante todos los meses del a\u00f1o y de ofrecer una distribuci\u00f3n continua, fiable y de alta calidad. La fortaleza del kiwi Jingold reside en las manos sabias de los productores, en un enfoque moderno hacia la agricultura y en las inversiones continuas en t\u00e9cnicas y cultivos.[\/mk_fancy_text][mk_padding_divider size=&#8221;50&#8243;][\/vc_column][\/vc_row][vc_row fullwidth=&#8221;true&#8221; css=&#8221;.vc_custom_1625127787926{padding-top: 0px !important;padding-right: 0px !important;padding-bottom: 0px !important;padding-left: 0px !important;background-image: url(https:\/\/www.jingold.it\/wp-content\/uploads\/2021\/07\/campi.jpg?id=29905) !important;}&#8221;][vc_column][vc_empty_space height=&#8221;650px&#8221;][\/vc_column][\/vc_row][vc_row fullwidth=&#8221;true&#8221; fullwidth_content=&#8221;false&#8221; css=&#8221;.vc_custom_1581928694972{padding-top: 0px !important;padding-right: 0px !important;padding-bottom: 0px !important;padding-left: 0px !important;background-color: #ffffff !important;}&#8221;][vc_column width=&#8221;1\/2&#8243;][mk_padding_divider][mk_fancy_title style=&#8221;stroke&#8221; border_width=&#8221;7&#8243; size=&#8221;26&#8243; line_height=&#8221;33&#8243; color=&#8221;#29609b&#8221; letter_spacing=&#8221;5&#8243; font_family=&#8221;none&#8221; margin_bottom=&#8221;60&#8243; align=&#8221;center&#8221; animation=&#8221;flip-x&#8221;]MIRANDO HACIA EL FUTURO[\/mk_fancy_title][mk_fancy_text color=&#8221;#004388&#8243; highlight_color=&#8221;#f7d784&#8243; highlight_opacity=&#8221;0&#8243; font_family=&#8221;none&#8221; align=&#8221;center&#8221;]Jingold es una empresa din\u00e1mica que mira hacia el futuro con la intenci\u00f3n de mantenerse siempre a la altura de las necesidades de los consumidores y asegurar el m\u00e1ximo control de calidad. Es \u00e9sta una visi\u00f3n que le ha valido a Jingold innumerables logros. Tras los \u00e9xitos logrados con el kiwi amarillo, la empresa ampli\u00f3 su oferta con el kiwi verde y extendi\u00f3 su base de producci\u00f3n a m\u00e1s de 600 empresas productoras en diferentes pa\u00edses del mundo. En 2018, lanz\u00f3 al mercado el kiwi de pulpa roja Oriental Red\u00ae, que le permiti\u00f3 ganar el primer premio en el Innovation Award 2019 de Fruit Logistica en Berl\u00edn como la mejor innovaci\u00f3n del a\u00f1o.[\/mk_fancy_text][mk_padding_divider][vc_single_image image=&#8221;25601&#8243; img_size=&#8221;full&#8221; alignment=&#8221;center&#8221;][\/vc_column][vc_column width=&#8221;1\/2&#8243;][mk_padding_divider][mk_fancy_title style=&#8221;stroke&#8221; border_width=&#8221;7&#8243; size=&#8221;26&#8243; line_height=&#8221;33&#8243; color=&#8221;#29609b&#8221; letter_spacing=&#8221;5&#8243; font_family=&#8221;none&#8221; margin_bottom=&#8221;60&#8243; align=&#8221;center&#8221; animation=&#8221;flip-x&#8221;]UN KIWI PARA CADA GUSTO[\/mk_fancy_title][mk_fancy_text color=&#8221;#004388&#8243; highlight_color=&#8221;#f7d784&#8243; highlight_opacity=&#8221;0&#8243; font_family=&#8221;none&#8221; align=&#8221;center&#8221;]\n<div style=\"text-align: center; line-height: 26px; color: #004388; font-size: 22px;\">\n<p>Hoy en d\u00eda Jingold es el especialista en kiwi, un punto de referencia para los operadores del sector y para los consumidores, ya que permite a todos seleccionar el kiwi m\u00e1s les gusta gracias a la amplia gama de variedades que ofrece al mercado.<br \/>\n<strong>Amarillo, verde, rojo u org\u00e1nico&#8230; seg\u00fan los gustos de cada uno.<\/strong><br \/>\nJingold siempre est\u00e1 cerca de los consumidores, \u00a1ahora te toca a ti elegir el\u00a0<strong>kiwi perfecto<\/strong>!<\/p>\n<\/div>\n[\/mk_fancy_text][mk_padding_divider][vc_single_image image=&#8221;25936&#8243; img_size=&#8221;full&#8221; alignment=&#8221;right&#8221;][\/vc_column][\/vc_row]\n","protected":false},"excerpt":{"rendered":"<p>[mk_page_section bg_color=&#8221;#ffffff&#8221; bg_image=&#8221;https:\/\/www.jingold.it\/wp-content\/uploads\/2014\/02\/perche-scegliere1.jpg&#8221; attachment=&#8221;fixed&#8221; bg_position=&#8221;center top&#8221; bg_repeat=&#8221;no-repeat&#8221; bg_stretch=&#8221;true&#8221; parallax=&#8221;true&#8221; color_mask=&#8221;#000000&#8243; mask_opacity=&#8221;0&#8243; padding=&#8221;0&#8243; full_height=&#8221;true&#8221; section_id=&#8221;tk-0&#8243;][vc_column][mk_padding_divider size=&#8221;70&#8243;][mk_fancy_title size=&#8221;80&#8243; line_height=&#8221;90&#8243; color=&#8221;#29609b&#8221; font_weight=&#8221;300&#8243; font_family=&#8221;none&#8221; align=&#8221;center&#8221; animation=&#8221;fade-in&#8221;]\u00bfQUI\u00c9N ES [\/mk_fancy_title][mk_fancy_title size=&#8221;80&#8243; line_height=&#8221;90&#8243; color=&#8221;#29609b&#8221; font_weight=&#8221;300&#8243; font_family=&#8221;none&#8221; align=&#8221;center&#8221; animation=&#8221;fade-in&#8221;]JINGOLD? [\/mk_fancy_title][mk_padding_divider size=&#8221;50&#8243;][mk_font_icons icon=&#8221;theme-icon-bottom-bigger&#8221; style=&#8221;custom&#8221; color=&#8221;#000000&#8243; border_color=&#8221;#000000&#8243; size=&#8221;medium&#8221; remove_frame=&#8221;true&#8221; align=&#8221;center&#8221; infinite_animation=&#8221;float-vertical&#8221; animation=&#8221;bottom-to-top&#8221;][\/vc_column][\/mk_page_section][vc_row fullwidth=&#8221;true&#8221; fullwidth_content=&#8221;false&#8221; css=&#8221;.vc_custom_1581928359806{padding-top: 0px !important;padding-right: 0px !important;padding-bottom: 0px !important;padding-left: 0px !important;background: #f1bb37 url(https:\/\/www.jingold.it\/wp-content\/uploads\/2020\/02\/back1.jpg?id=25582) [&hellip;]<\/p>\n","protected":false},"author":1,"featured_media":0,"parent":0,"menu_order":0,"comment_status":"open","ping_status":"closed","template":"","meta":{"footnotes":""},"_links":{"self":[{"href":"https:\/\/www.jingold.it\/es\/wp-json\/wp\/v2\/pages\/26649"}],"collection":[{"href":"https:\/\/www.jingold.it\/es\/wp-json\/wp\/v2\/pages"}],"about":[{"href":"https:\/\/www.jingold.it\/es\/wp-json\/wp\/v2\/types\/page"}],"author":[{"embeddable":true,"href":"https:\/\/www.jingold.it\/es\/wp-json\/wp\/v2\/users\/1"}],"replies":[{"embeddable":true,"href":"https:\/\/www.jingold.it\/es\/wp-json\/wp\/v2\/comments?post=26649"}],"version-history":[{"count":8,"href":"https:\/\/www.jingold.it\/es\/wp-json\/wp\/v2\/pages\/26649\/revisions"}],"predecessor-version":[{"id":30846,"href":"https:\/\/www.jingold.it\/es\/wp-json\/wp\/v2\/pages\/26649\/revisions\/30846"}],"wp:attachment":[{"href":"https:\/\/www.jingold.it\/es\/wp-json\/wp\/v2\/media?parent=26649"}],"curies":[{"name":"wp","href":"https:\/\/api.w.org\/{rel}","templated":true}]}}