{"id":3,"date":"2026-02-06T08:58:04","date_gmt":"2026-02-06T08:58:04","guid":{"rendered":"http:\/\/jingold.do.devhoop.com\/?page_id=3"},"modified":"2026-03-12T09:34:31","modified_gmt":"2026-03-12T09:34:31","slug":"politique-de-confidentialite","status":"publish","type":"page","link":"https:\/\/www.jingold.it\/fr\/privacy-policy\/","title":{"rendered":"Politique de confidentialit\u00e9"},"content":{"rendered":"<div data-elementor-type=\"wp-page\" data-elementor-id=\"3\" class=\"elementor elementor-3\" data-elementor-post-type=\"page\">\n\t\t\t\t<div class=\"elementor-element elementor-element-f5074f4 e-con-full e-flex e-con e-parent\" data-id=\"f5074f4\" data-element_type=\"container\" data-e-type=\"container\">\n\t\t\t\t<div class=\"elementor-element elementor-element-6810d757 elementor-widget elementor-widget-text-editor\" data-id=\"6810d757\" data-element_type=\"widget\" data-e-type=\"widget\" data-widget_type=\"text-editor.default\">\n\t\t\t\t\t\t\t\t\t\n<h2 class=\"wp-block-heading\"><strong>Politique de protection des donn\u00e9es R\u00e8glement UE 2016\/679 Soci\u00e9t\u00e9 Jingold S.p.A.<\/strong><\/h2>\n<p>\u00a0<\/p>\n<p>I. INFORMATIONS CONCERNANT LA POLITIQUE DE CONFIDENTIALIT\u00c9 DU SITE<br \/>Ce document fournit les informations n\u00e9cessaires concernant les modalit\u00e9s, les d\u00e9lais et la nature du traitement des donn\u00e9es personnelles collect\u00e9es lors de la consultation des sites web www.jingold.it et corporate.jingold.it. Les informations sont fournies exclusivement pour les activit\u00e9s en ligne du pr\u00e9sent site web et sont valables pour ses utilisateurs. Elles ne s'appliquent pas aux autres sites web \u00e9ventuellement consult\u00e9s par l'utilisateur via des liens. Si l'utilisateur a moins de 16 ans, conform\u00e9ment \u00e0 l'article 8, paragraphe 1, du r\u00e8glement UE 2016\/679, il devra l\u00e9gitimer son consentement par l'autorisation de ses parents ou de son tuteur l\u00e9gal.<\/p>\n<p>II. TRAITEMENT DES DONN\u00c9ES<br \/><strong>La personne concern\u00e9e<\/strong><br \/>Le personne concern\u00e9e par les traitements de donn\u00e9es de cette Soci\u00e9t\u00e9 peut \u00eatre repr\u00e9sent\u00e9e par diverses figures : client, fournisseur, demandeur d'informations, utilisateur qui visite le site web.<\/p>\n<p><strong>Le responsable du traitement<\/strong><br \/>Le responsable du traitement est la personne physique ou morale, l'autorit\u00e9 publique, le service ou un autre organisme qui, seul ou conjointement avec d'autres, d\u00e9termine les finalit\u00e9s et les moyens du traitement des donn\u00e9es \u00e0 caract\u00e8re personnel. Concernant le pr\u00e9sent site web, le responsable du traitement des donn\u00e9es fournies est Jingold s.p.a. dont le si\u00e8ge social est \u00e0 Cesena, via F.Turati, 650 N\u00b0 TVA\u00a004030080404, T\u00e9l\u00e9phone\u00a0: +39 0547 317476 \u2013 e.mail\u00a0:\u00a0<a href=\"mailto:info@jingold.it\">info@jingold.it<\/a>, PEC\u00a0<a href=\"mailto:jingoldspa@legalmail.it\">jingoldspa@legalmail.it<\/a>.<\/p>\n<p><strong>Le Traitement et la Donn\u00e9e personnelle<\/strong><br \/>Traitement : toute op\u00e9ration ou tout ensemble d'op\u00e9rations effectu\u00e9es avec ou sans l'aide de proc\u00e9d\u00e9s automatis\u00e9s et appliqu\u00e9es \u00e0 des donn\u00e9es ou des ensembles de donn\u00e9es \u00e0 caract\u00e8re personnel, telles que la collecte, l'enregistrement, l'organisation, la structuration, la conservation, l'adaptation ou la modification, l'extraction, la consultation, l'utilisation, la communication par transmission, la diffusion ou toute autre forme de mise \u00e0 disposition, la comparaison ou l'interconnexion, la limitation, l'effacement ou la destruction, comme pr\u00e9cis\u00e9 \u00e0 l'article 4 du r\u00e8glement (UE) n\u00b0 679\/2016, auquel il est fait r\u00e9f\u00e9rence. Donn\u00e9es \u00e0 caract\u00e8re personnel : toute information concernant une personne physique identifi\u00e9e ou identifiable (personne concern\u00e9e) ; une personne identifiable est une personne physique qui peut \u00eatre identifi\u00e9e, directement ou indirectement, par r\u00e9f\u00e9rence notamment \u00e0 un identifiant, tel qu'un nom, un num\u00e9ro d'identification, des donn\u00e9es de localisation, un identifiant en ligne ou \u00e0 un ou plusieurs \u00e9l\u00e9ments caract\u00e9ristiques de son identit\u00e9 physique, physiologique, g\u00e9n\u00e9tique, psychique, \u00e9conomique, culturelle ou sociale, comme le pr\u00e9cise mieux l'article 4 du r\u00e8glement (UE) n\u00b0 679\/2016 auquel il est fait r\u00e9f\u00e9rence.<\/p>\n<p><strong>Le Responsable du traitement<\/strong><br \/>Le sous-traitant est la personne physique ou morale, l'autorit\u00e9 publique, le service ou un autre organisme qui traite des donn\u00e9es \u00e0 caract\u00e8re personnel pour le compte du responsable du traitement.<\/p>\n<p>Conform\u00e9ment \u00e0 l'article 28 du r\u00e8glement UE n\u00b0 2016\/679, sur nomination du responsable du traitement, le sous-traitant de donn\u00e9es du pr\u00e9sent site web est Jingold s.p.a.<\/p>\n<p><strong>Le lieu de traitement<\/strong><br \/>Le traitement des donn\u00e9es g\u00e9n\u00e9r\u00e9es par l'utilisation du site web a lieu au si\u00e8ge social du Responsable du traitement et\/ou par les responsables \u00e9ventuellement nomm\u00e9s par le Responsable du traitement.<\/p>\n<p>III. DONN\u00c9ES TRAIT\u00c9ES<br \/>Donn\u00e9es de navigation Les syst\u00e8mes informatiques et les proc\u00e9dures logicielles pr\u00e9pos\u00e9s au fonctionnement de ce site Web acqui\u00e8rent, au cours de leur fonctionnement normal, certaines donn\u00e9es personnelles dont la transmission est implicite dans l'utilisation des protocoles de communication Internet. Il s'agit d'informations qui ne sont pas collect\u00e9es pour \u00eatre associ\u00e9es \u00e0 des personnes identifi\u00e9es, mais qui, par leur nature m\u00eame, pourraient, par des traitements et des associations avec des donn\u00e9es d\u00e9tenues par des tiers, permettre d'identifier les utilisateurs.<\/p>\n<ul>\n<li>Les informations recueillies pourraient \u00eatre les suivantes :<\/li>\n<li>adresse de protocole Internet (IP);<\/li>\n<li>type de navigateur et param\u00e8tres de l'appareil utilis\u00e9 pour se connecter au site ;<\/li>\n<li>nom du fournisseur d'acc\u00e8s \u00e0 Internet (FAI);<\/li>\n<li>date et heure de visite ;<\/li>\n<li>page d'origine du visiteur (r\u00e9f\u00e9rent) et de sortie ;<\/li>\n<li>\u00e9ventuellement le nombre de clics.<\/li>\n<\/ul>\n<p>Ces informations sont trait\u00e9es sous forme automatis\u00e9e et collect\u00e9es sous une forme exclusivement agr\u00e9g\u00e9e afin de v\u00e9rifier le bon fonctionnement du site et pour des raisons de s\u00e9curit\u00e9.<\/p>\n<p>Pour des raisons de s\u00e9curit\u00e9, certaines donn\u00e9es (telles que l'adresse IP) pourraient \u00eatre utilis\u00e9es, conform\u00e9ment aux lois en vigueur, \u00e9galement pour \u00e9tablir les responsabilit\u00e9s en cas d'\u00e9ventuelles infractions informatiques portant pr\u00e9judice au site.<\/p>\n<p><strong>Donn\u00e9es fournies volontairement par l'utilisateur<\/strong><br \/>Ils sont principalement les suivants : nom, pr\u00e9nom, adresse e-mail, date de naissance, adresse physique, num\u00e9ro de t\u00e9l\u00e9phone portable. L'envoi facultatif, explicite et volontaire de donn\u00e9es par e-mail \u00e0 l'adresse indiqu\u00e9e sur ce site ou via le formulaire de saisie de donn\u00e9es pr\u00e9sent sur le site, entra\u00eene l'acquisition ult\u00e9rieure de l'adresse de l'exp\u00e9diteur, n\u00e9cessaire pour r\u00e9pondre aux demandes, ainsi que de toute autre donn\u00e9e personnelle saisie dans la missive.<\/p>\n<p><strong>Biscuits<br \/><\/strong>Ce site utilise des cookies, de petites cha\u00eenes de caract\u00e8res utilis\u00e9es pour stocker certaines informations qui peuvent concerner l'utilisateur, ses pr\u00e9f\u00e9rences ou son appareil d'acc\u00e8s \u00e0 Internet (ordinateur, tablette ou t\u00e9l\u00e9phone portable) : elles sont principalement utilis\u00e9es pour adapter le fonctionnement du site aux attentes de l'utilisateur, en offrant une exp\u00e9rience de navigation plus personnalis\u00e9e et en m\u00e9morisant les choix effectu\u00e9s pr\u00e9c\u00e9demment.<\/p>\n<p>En utilisant le site, l'utilisateur consent express\u00e9ment \u00e0 l'utilisation de cookies.<\/p>\n<p>Ce site, en revanche, n'a aucun contr\u00f4le sur les cookies tiers, qui sont enti\u00e8rement g\u00e9r\u00e9s par ces derniers.<\/p>\n<p><strong>D\u00e9sactivation des cookies<\/strong><br \/>\u00c9tant donn\u00e9 que les cookies sont li\u00e9s au navigateur utilis\u00e9, ceux-ci peuvent \u00eatre d\u00e9sactiv\u00e9s directement par ce dernier, en refusant ou en r\u00e9voquant le consentement \u00e0 leur utilisation. Cependant, la d\u00e9sactivation des cookies pourrait emp\u00eacher le bon fonctionnement de certaines fonctions du site.<\/p>\n<p>Les instructions pour d\u00e9sactiver les cookies se trouvent sur les pages Web des navigateurs :<br \/>Mozilla Firefox \u2013 Microsoft Internet Explorer \u2013 Microsoft Edge \u2013 Google Chrome \u2013 Opera \u2013 Apple Safari<\/p>\n<p>IV. FINALIT\u00c9S DU TRAITEMENT DES DONN\u00c9ES<br \/>Les donn\u00e9es personnelles fournies feront l'objet d'un traitement dans le respect des conditions de lic\u00e9it\u00e9 vis\u00e9es \u00e0 l'art. 6 du r\u00e8glement UE 2016\/679 aux fins suivantes :<\/p>\n<ul>\n<li>navigation sur le pr\u00e9sent site web ;<\/li>\n<li>\u00e9ventuelle remplissage de formulaires de collecte de donn\u00e9es pour l'envoi d'une demande d'informations au responsable du traitement;<\/li>\n<li>ex\u00e9cution des obligations contractuelles, l\u00e9gales et \u00e0 des fins administratives et comptables.<\/li>\n<\/ul>\n<p>Aux fins de l'application des dispositions relatives \u00e0 la protection des donn\u00e9es personnelles, les traitements effectu\u00e9s \u00e0 des fins m\u00e9dico-administratives sont ceux li\u00e9s \u00e0 la r\u00e9alisation des activit\u00e9s de nature organisationnelle, administrative, financi\u00e8re et comptable de la Soci\u00e9t\u00e9.<\/p>\n<p>V. MODALIT\u00c9S DE TRAITEMENT<br \/><strong>Principes r\u00e9glementaires<\/strong><br \/>Le traitement des donn\u00e9es personnelles sera fond\u00e9 sur les principes d\u2019exactitude, de lic\u00e9it\u00e9, de transparence et d\u2019essentiel et sera effectu\u00e9 dans le plus grand respect de la limitation des finalit\u00e9s et de la minimisation de la conservation des donn\u00e9es collect\u00e9es. La navigation sur le site web, le traitement manuel sur papier et le traitement informatique-\u00e9lectronique ont \u00e9t\u00e9 organis\u00e9s selon les principes fondamentaux de la discipline en mati\u00e8re de protection des donn\u00e9es :<\/p>\n<ul>\n<li>principe de responsabilit\u00e9 : le traitement est g\u00e9r\u00e9 par des personnes d\u00fbment identifi\u00e9es et responsables au sein de l'organisation ;<\/li>\n<li>principe de transparence : le type de traitement subi par les donn\u00e9es de contenu et les donn\u00e9es \u00e9lectroniques est indiqu\u00e9 de mani\u00e8re claire et imm\u00e9diate\u00a0;<\/li>\n<li>principe de pertinence de la collecte : les donn\u00e9es personnelles sont trait\u00e9es de mani\u00e8re licite et loyale ; elles sont enregistr\u00e9es \u00e0 des fins d\u00e9termin\u00e9es, explicites et l\u00e9gitimes conform\u00e9ment aux fonctions institutionnelles de la Soci\u00e9t\u00e9 ; elles sont pertinentes et non excessives par rapport aux finalit\u00e9s du traitement ; elles sont conserv\u00e9es pendant la dur\u00e9e n\u00e9cessaire aux fins de la collecte ;<\/li>\n<li>principes de limitation de la finalit\u00e9, de minimisation des donn\u00e9es et de limitation de la conservation : la p\u00e9riode de traitement et de conservation des donn\u00e9es personnelles est limit\u00e9e au minimum n\u00e9cessaire. Les donn\u00e9es personnelles ne sont conserv\u00e9es que si la finalit\u00e9 du traitement ne peut raisonnablement \u00eatre atteinte par d'autres moyens. Les donn\u00e9es personnelles sont \u00e9galement supprim\u00e9es d\u00e8s que la finalit\u00e9 de leur utilisation est atteinte ;<\/li>\n<li>principe de finalit\u00e9 de l'utilisation : les finalit\u00e9s du traitement des donn\u00e9es personnelles sont celles d\u00e9j\u00e0 indiqu\u00e9es dans le paragraphe appropri\u00e9. Tout nouveau traitement de donn\u00e9es, s'il est \u00e9tranger aux buts d\u00e9clar\u00e9s, n'est activ\u00e9 qu'apr\u00e8s une nouvelle information de l'int\u00e9ress\u00e9 ;<\/li>\n<li>principe de v\u00e9rifiabilit\u00e9 : les donn\u00e9es personnelles sont exactes et \u00e0 jour dans le temps. Elles sont \u00e9galement organis\u00e9es et conserv\u00e9es de telle mani\u00e8re \u00e0 ce que la personne concern\u00e9e ait la possibilit\u00e9 de savoir, si elle le souhaite, quelles informations ont \u00e9t\u00e9 collect\u00e9es et enregistr\u00e9es, ainsi que d'en contr\u00f4ler la qualit\u00e9 et d'en demander l'\u00e9ventuelle correction, int\u00e9gration, d\u00e9sindexation des moteurs de recherche, suppression pour violation de la loi ou opposition au traitement et d'exercer tous les autres droits, conform\u00e9ment au r\u00e8glement UE 2016\/679, en envoyant la demande \u00e0 l'adresse e-mail suivante : <a href=\"mailto:info@jingold.it\">info@jingold.it<\/a><\/li>\n<li>principe de s\u00e9curit\u00e9 : les donn\u00e9es \u00e0 caract\u00e8re personnel sont prot\u00e9g\u00e9es par des mesures de s\u00e9curit\u00e9 techniques, informatiques, organisationnelles, logistiques et proc\u00e9durales, contre les risques de destruction ou de perte, m\u00eame accidentelles, et d'acc\u00e8s non autoris\u00e9 ou de traitement non autoris\u00e9. Ces mesures sont mises \u00e0 jour p\u00e9riodiquement en fonction des progr\u00e8s techniques, de la nature des donn\u00e9es et des caract\u00e9ristiques sp\u00e9cifiques du traitement, sont constamment contr\u00f4l\u00e9es et v\u00e9rifi\u00e9es dans le temps.<\/li>\n<\/ul>\n<p><strong>Modalit\u00e9s du traitement<\/strong><br \/>Les donn\u00e9es sont collect\u00e9es selon deux modalit\u00e9s : enregistrement manuel direct entre un employ\u00e9 et\/ou un repr\u00e9sentant et l'utilisateur, enregistrement par e-mail et via les sites web www.jingold.it et corporate.jingold.it<\/p>\n<p>Les traitements pourront \u00eatre effectu\u00e9s avec des outils papier et\/ou num\u00e9riques, en garantissant toujours la plus absolue confidentialit\u00e9, pertinence et non-exc\u00e9dent par rapport aux finalit\u00e9s d\u00e9crites ci-dessus. Le responsable du traitement n'assume aucune responsabilit\u00e9 quant aux r\u00e8gles et modalit\u00e9s de gestion des donn\u00e9es personnelles adopt\u00e9es par des sites web \u00e9trangers \u00e0 celui de la Soci\u00e9t\u00e9 Jingold s.p.a. mais accessibles depuis les pages num\u00e9riques par le biais de liens et de renvois.<\/p>\n<p>VI. DROITS DE L'UTILISATEUR<br \/>L'utilisateur peut, selon les modalit\u00e9s et dans les limites pr\u00e9vues par la l\u00e9gislation en vigueur, conna\u00eetre les donn\u00e9es trait\u00e9es et, le cas \u00e9ch\u00e9ant, exercer les diff\u00e9rents droits relatifs \u00e0 leur utilisation (droit d'acc\u00e8s, de rectification, de mise \u00e0 jour, d'int\u00e9gration, d'effacement, de limitation du traitement, de portabilit\u00e9, de retrait du consentement au traitement, droit d'obtenir une copie de ses donn\u00e9es lorsque celles-ci sont conserv\u00e9es dans des pays situ\u00e9s hors de l'Union europ\u00e9enne, ainsi que d'obtenir indication du lieu o\u00f9 ces donn\u00e9es sont conserv\u00e9es ou transf\u00e9r\u00e9es), ainsi que s'opposer pour des motifs l\u00e9gitimes \u00e0 un traitement particulier de celles-ci et, en tout \u00e9tat de cause, \u00e0 leur utilisation \u00e0 des fins commerciales, en tout ou en partie, y compris en ce qui concerne l'utilisation de modalit\u00e9s automatis\u00e9es. Les \u00e9ventuelles demandes doivent \u00eatre adress\u00e9es au Responsable du traitement en envoyant un courriel \u00e0 l'adresse\u00a0<a href=\"mailto:info@jingold.it\">info@jingold.it<\/a>.<\/p>\n<p>VII. COMMUNICATION AUX PAYS TIERS \u00c0 L'UE ET AUX ORGANISATIONS INTERNATIONALES<br \/>Le traitement des donn\u00e9es pourra \u00e9galement consister en leur communication \u00e0 l'\u00e9tranger, tant \u00e0 l'int\u00e9rieur qu'\u00e0 l'ext\u00e9rieur de l'Union europ\u00e9enne, dans le cadre d'objectifs visant \u00e0 favoriser le commerce international et sera limit\u00e9 aux donn\u00e9es strictement n\u00e9cessaires. Il est pr\u00e9cis\u00e9 que la communication des donn\u00e9es trait\u00e9es vers des pays tiers HORS UE ou \u00e0 des organisations internationales n'a lieu que lorsqu'au moins l'une des conditions suivantes est remplie : il existe des r\u00e8gles d'entreprise contraignantes ; il existe un int\u00e9r\u00eat l\u00e9gitime du responsable du traitement.<\/p>\n<p>VIII. VIOLATION DE DONN\u00c9ES<br \/>En cas de perte de donn\u00e9es de la personne concern\u00e9e (cas de violation de donn\u00e9es), la soci\u00e9t\u00e9 Jingold s.p.a. en informera imm\u00e9diatement cette derni\u00e8re ainsi que les autorit\u00e9s comp\u00e9tentes.<\/p>\n<p>IX. MODIFICATIONS DU PR\u00c9SENT DOCUMENT<br \/>Le pr\u00e9sent document peut \u00eatre modifi\u00e9 et\/ou mis \u00e0 jour \u00e0 tout moment. L\u2019utilisateur est tenu de v\u00e9rifier p\u00e9riodiquement les \u00e9ventuelles modifications : afin de faciliter cette v\u00e9rification, la notice contient la date de mise \u00e0 jour. En cas de modifications et\/ou de mises \u00e0 jour pertinentes, celles-ci seront signal\u00e9es \u00e0 l\u2019utilisateur par des notifications appropri\u00e9es. L\u2019utilisation du site apr\u00e8s la publication des modifications vaudra acceptation de celles-ci.<\/p>\t\t\t\t\t\t\t\t<\/div>\n\t\t\t\t<\/div>\n\t\t\t\t<\/div>","protected":false},"excerpt":{"rendered":"<p>Policy Data Protection Regolamento UE 2016\/679 Societ\u00e0 Jingold s.p.a. \u00a0 I. INFORMAZIONI RELATIVE ALLA PRIVACY POLICY DEL SITOIn questo documento [&hellip;]<\/p>\n","protected":false},"author":1,"featured_media":0,"parent":0,"menu_order":0,"comment_status":"closed","ping_status":"closed","template":"elementor_header_footer","meta":{"_acf_changed":false,"site-sidebar-layout":"default","site-content-layout":"","ast-site-content-layout":"","site-content-style":"default","site-sidebar-style":"default","ast-global-header-display":"","ast-banner-title-visibility":"","ast-main-header-display":"","ast-hfb-above-header-display":"","ast-hfb-below-header-display":"","ast-hfb-mobile-header-display":"","site-post-title":"","ast-breadcrumbs-content":"","ast-featured-img":"","footer-sml-layout":"","theme-transparent-header-meta":"","adv-header-id-meta":"","stick-header-meta":"","header-above-stick-meta":"","header-main-stick-meta":"","header-below-stick-meta":"","astra-migrate-meta-layouts":"default","ast-page-background-enabled":"default","ast-page-background-meta":{"desktop":{"background-color":"var(--ast-global-color-5)","background-image":"","background-repeat":"repeat","background-position":"center center","background-size":"auto","background-attachment":"scroll","background-type":"","background-media":"","overlay-type":"","overlay-color":"","overlay-opacity":"","overlay-gradient":""},"tablet":{"background-color":"","background-image":"","background-repeat":"repeat","background-position":"center center","background-size":"auto","background-attachment":"scroll","background-type":"","background-media":"","overlay-type":"","overlay-color":"","overlay-opacity":"","overlay-gradient":""},"mobile":{"background-color":"","background-image":"","background-repeat":"repeat","background-position":"center center","background-size":"auto","background-attachment":"scroll","background-type":"","background-media":"","overlay-type":"","overlay-color":"","overlay-opacity":"","overlay-gradient":""}},"ast-content-background-meta":{"desktop":{"background-color":"var(--ast-global-color-4)","background-image":"","background-repeat":"repeat","background-position":"center center","background-size":"auto","background-attachment":"scroll","background-type":"","background-media":"","overlay-type":"","overlay-color":"","overlay-opacity":"","overlay-gradient":""},"tablet":{"background-color":"var(--ast-global-color-4)","background-image":"","background-repeat":"repeat","background-position":"center center","background-size":"auto","background-attachment":"scroll","background-type":"","background-media":"","overlay-type":"","overlay-color":"","overlay-opacity":"","overlay-gradient":""},"mobile":{"background-color":"var(--ast-global-color-4)","background-image":"","background-repeat":"repeat","background-position":"center center","background-size":"auto","background-attachment":"scroll","background-type":"","background-media":"","overlay-type":"","overlay-color":"","overlay-opacity":"","overlay-gradient":""}},"footnotes":""},"class_list":["post-3","page","type-page","status-publish","hentry"],"acf":[],"yoast_head":"<!-- This site is optimized with the Yoast SEO plugin v26.9 - https:\/\/yoast.com\/product\/yoast-seo-wordpress\/ -->\n<title>Privacy Policy - Jingold<\/title>\n<meta name=\"robots\" content=\"index, follow, max-snippet:-1, max-image-preview:large, max-video-preview:-1\" \/>\n<link rel=\"canonical\" href=\"https:\/\/www.jingold.it\/fr\/politique-de-confidentialite\/\" \/>\n<meta property=\"og:locale\" content=\"fr_FR\" \/>\n<meta property=\"og:type\" content=\"article\" \/>\n<meta property=\"og:title\" content=\"Privacy Policy - Jingold\" \/>\n<meta property=\"og:description\" content=\"Policy Data Protection Regolamento UE 2016\/679 Societ\u00e0 Jingold s.p.a. \u00a0 I. INFORMAZIONI RELATIVE ALLA PRIVACY POLICY DEL SITOIn questo documento [&hellip;]\" \/>\n<meta property=\"og:url\" content=\"https:\/\/www.jingold.it\/fr\/politique-de-confidentialite\/\" \/>\n<meta property=\"og:site_name\" content=\"Jingold\" \/>\n<meta property=\"article:modified_time\" content=\"2026-03-12T09:34:31+00:00\" \/>\n<meta name=\"twitter:card\" content=\"summary_large_image\" \/>\n<meta name=\"twitter:label1\" content=\"Dur\u00e9e de lecture estim\u00e9e\" \/>\n\t<meta name=\"twitter:data1\" content=\"8 minutes\" \/>\n<script type=\"application\/ld+json\" class=\"yoast-schema-graph\">{\"@context\":\"https:\/\/schema.org\",\"@graph\":[{\"@type\":\"WebPage\",\"@id\":\"https:\/\/www.jingold.it\/privacy-policy\/\",\"url\":\"https:\/\/www.jingold.it\/privacy-policy\/\",\"name\":\"Privacy Policy - Jingold\",\"isPartOf\":{\"@id\":\"https:\/\/www.jingold.it\/#website\"},\"datePublished\":\"2026-02-06T08:58:04+00:00\",\"dateModified\":\"2026-03-12T09:34:31+00:00\",\"breadcrumb\":{\"@id\":\"https:\/\/www.jingold.it\/privacy-policy\/#breadcrumb\"},\"inLanguage\":\"fr-FR\",\"potentialAction\":[{\"@type\":\"ReadAction\",\"target\":[\"https:\/\/www.jingold.it\/privacy-policy\/\"]}]},{\"@type\":\"BreadcrumbList\",\"@id\":\"https:\/\/www.jingold.it\/privacy-policy\/#breadcrumb\",\"itemListElement\":[{\"@type\":\"ListItem\",\"position\":1,\"name\":\"Home\",\"item\":\"https:\/\/www.jingold.it\/\"},{\"@type\":\"ListItem\",\"position\":2,\"name\":\"Privacy Policy\"}]},{\"@type\":\"WebSite\",\"@id\":\"https:\/\/www.jingold.it\/#website\",\"url\":\"https:\/\/www.jingold.it\/\",\"name\":\"Jingold\",\"description\":\"Kiwi giallo, rosso e verde\",\"publisher\":{\"@id\":\"https:\/\/www.jingold.it\/#organization\"},\"potentialAction\":[{\"@type\":\"SearchAction\",\"target\":{\"@type\":\"EntryPoint\",\"urlTemplate\":\"https:\/\/www.jingold.it\/?s={search_term_string}\"},\"query-input\":{\"@type\":\"PropertyValueSpecification\",\"valueRequired\":true,\"valueName\":\"search_term_string\"}}],\"inLanguage\":\"fr-FR\"},{\"@type\":\"Organization\",\"@id\":\"https:\/\/www.jingold.it\/#organization\",\"name\":\"Jingold\",\"url\":\"https:\/\/www.jingold.it\/\",\"logo\":{\"@type\":\"ImageObject\",\"inLanguage\":\"fr-FR\",\"@id\":\"https:\/\/www.jingold.it\/#\/schema\/logo\/image\/\",\"url\":\"https:\/\/www.jingold.it\/wp-content\/uploads\/2026\/02\/LOGO-7.png\",\"contentUrl\":\"https:\/\/www.jingold.it\/wp-content\/uploads\/2026\/02\/LOGO-7.png\",\"width\":309,\"height\":85,\"caption\":\"Jingold\"},\"image\":{\"@id\":\"https:\/\/www.jingold.it\/#\/schema\/logo\/image\/\"}}]}<\/script>\n<!-- \/ Yoast SEO plugin. -->","yoast_head_json":{"title":"Politique de confidentialit\u00e9 - Jingold","robots":{"index":"index","follow":"follow","max-snippet":"max-snippet:-1","max-image-preview":"max-image-preview:large","max-video-preview":"max-video-preview:-1"},"canonical":"https:\/\/www.jingold.it\/fr\/politique-de-confidentialite\/","og_locale":"fr_FR","og_type":"article","og_title":"Privacy Policy - Jingold","og_description":"Policy Data Protection Regolamento UE 2016\/679 Societ\u00e0 Jingold s.p.a. \u00a0 I. INFORMAZIONI RELATIVE ALLA PRIVACY POLICY DEL SITOIn questo documento [&hellip;]","og_url":"https:\/\/www.jingold.it\/fr\/politique-de-confidentialite\/","og_site_name":"Jingold","article_modified_time":"2026-03-12T09:34:31+00:00","twitter_card":"summary_large_image","twitter_misc":{"Dur\u00e9e de lecture estim\u00e9e":"8 minutes"},"schema":{"@context":"https:\/\/schema.org","@graph":[{"@type":"WebPage","@id":"https:\/\/www.jingold.it\/privacy-policy\/","url":"https:\/\/www.jingold.it\/privacy-policy\/","name":"Politique de confidentialit\u00e9 - Jingold","isPartOf":{"@id":"https:\/\/www.jingold.it\/#website"},"datePublished":"2026-02-06T08:58:04+00:00","dateModified":"2026-03-12T09:34:31+00:00","breadcrumb":{"@id":"https:\/\/www.jingold.it\/privacy-policy\/#breadcrumb"},"inLanguage":"fr-FR","potentialAction":[{"@type":"ReadAction","target":["https:\/\/www.jingold.it\/privacy-policy\/"]}]},{"@type":"BreadcrumbList","@id":"https:\/\/www.jingold.it\/privacy-policy\/#breadcrumb","itemListElement":[{"@type":"ListItem","position":1,"name":"Home","item":"https:\/\/www.jingold.it\/"},{"@type":"ListItem","position":2,"name":"Privacy Policy"}]},{"@type":"WebSite","@id":"https:\/\/www.jingold.it\/#website","url":"https:\/\/www.jingold.it\/","name":"Jingold","description":"Kiwi jaune, rouge et vert","publisher":{"@id":"https:\/\/www.jingold.it\/#organization"},"potentialAction":[{"@type":"SearchAction","target":{"@type":"EntryPoint","urlTemplate":"https:\/\/www.jingold.it\/?s={search_term_string}"},"query-input":{"@type":"PropertyValueSpecification","valueRequired":true,"valueName":"search_term_string"}}],"inLanguage":"fr-FR"},{"@type":"Organization","@id":"https:\/\/www.jingold.it\/#organization","name":"Jingold","url":"https:\/\/www.jingold.it\/","logo":{"@type":"ImageObject","inLanguage":"fr-FR","@id":"https:\/\/www.jingold.it\/#\/schema\/logo\/image\/","url":"https:\/\/www.jingold.it\/wp-content\/uploads\/2026\/02\/LOGO-7.png","contentUrl":"https:\/\/www.jingold.it\/wp-content\/uploads\/2026\/02\/LOGO-7.png","width":309,"height":85,"caption":"Jingold"},"image":{"@id":"https:\/\/www.jingold.it\/#\/schema\/logo\/image\/"}}]}},"_links":{"self":[{"href":"https:\/\/www.jingold.it\/fr\/wp-json\/wp\/v2\/pages\/3","targetHints":{"allow":["GET"]}}],"collection":[{"href":"https:\/\/www.jingold.it\/fr\/wp-json\/wp\/v2\/pages"}],"about":[{"href":"https:\/\/www.jingold.it\/fr\/wp-json\/wp\/v2\/types\/page"}],"author":[{"embeddable":true,"href":"https:\/\/www.jingold.it\/fr\/wp-json\/wp\/v2\/users\/1"}],"replies":[{"embeddable":true,"href":"https:\/\/www.jingold.it\/fr\/wp-json\/wp\/v2\/comments?post=3"}],"version-history":[{"count":10,"href":"https:\/\/www.jingold.it\/fr\/wp-json\/wp\/v2\/pages\/3\/revisions"}],"predecessor-version":[{"id":3077,"href":"https:\/\/www.jingold.it\/fr\/wp-json\/wp\/v2\/pages\/3\/revisions\/3077"}],"wp:attachment":[{"href":"https:\/\/www.jingold.it\/fr\/wp-json\/wp\/v2\/media?parent=3"}],"curies":[{"name":"wp","href":"https:\/\/api.w.org\/{rel}","templated":true}]}}