{"id":3,"date":"2026-02-06T08:58:04","date_gmt":"2026-02-06T08:58:04","guid":{"rendered":"http:\/\/jingold.do.devhoop.com\/?page_id=3"},"modified":"2026-03-12T09:34:31","modified_gmt":"2026-03-12T09:34:31","slug":"politica-de-privacidade","status":"publish","type":"page","link":"https:\/\/www.jingold.it\/pt\/privacy-policy\/","title":{"rendered":"Pol\u00edtica de privacidade"},"content":{"rendered":"<div data-elementor-type=\"wp-page\" data-elementor-id=\"3\" class=\"elementor elementor-3\" data-elementor-post-type=\"page\">\n\t\t\t\t<div class=\"elementor-element elementor-element-f5074f4 e-con-full e-flex e-con e-parent\" data-id=\"f5074f4\" data-element_type=\"container\" data-e-type=\"container\">\n\t\t\t\t<div class=\"elementor-element elementor-element-6810d757 elementor-widget elementor-widget-text-editor\" data-id=\"6810d757\" data-element_type=\"widget\" data-e-type=\"widget\" data-widget_type=\"text-editor.default\">\n\t\t\t\t\t\t\t\t\t\n<h2 class=\"wp-block-heading\"><strong>Pol\u00edtica Regulamento de Prote\u00e7\u00e3o de Dados UE 2016\/679 Empresa Jingold s.p.a.<\/strong><\/h2>\n<p>\u00a0<\/p>\n<p>I. INFORMA\u00c7\u00d5ES SOBRE A POL\u00cdTICA DE PRIVACIDADE DO S\u00cdTIO<br \/>O presente documento fornece as informa\u00e7\u00f5es necess\u00e1rias relativas \u00e0s modalidades, ao momento e \u00e0 natureza do tratamento dos dados pessoais adquiridos atrav\u00e9s da consulta do site www. Jingold.it e corporate.jingold.it. Estas informa\u00e7\u00f5es s\u00e3o fornecidas exclusivamente para as actividades online deste site e s\u00e3o v\u00e1lidas para os seus utilizadores. N\u00e3o se aplicam a outros s\u00edtios Web que possam ser consultados pelo utilizador atrav\u00e9s de liga\u00e7\u00f5es. No caso de o utilizador ser menor de 16 anos, nos termos do n.\u00ba 1 do artigo 8.\u00ba do Regulamento UE 2016\/679, deve legitimar o seu consentimento atrav\u00e9s da autoriza\u00e7\u00e3o dos pais ou do tutor legal.<\/p>\n<p>II. PROCESSAMENTO DE DADOS<br \/><strong>A parte interessada<\/strong><br \/>A pessoa em causa no tratamento de dados desta empresa pode ser abrangida por v\u00e1rias figuras: cliente, fornecedor, a pessoa que solicita informa\u00e7\u00f5es, o utilizador que visita o s\u00edtio Web.<\/p>\n<p><strong>O respons\u00e1vel pelo tratamento de dados<\/strong><br \/>O respons\u00e1vel pelo tratamento dos dados \u00e9 a pessoa singular ou colectiva, a autoridade p\u00fablica, o servi\u00e7o ou outro organismo que, individualmente ou em conjunto com outros, determina as finalidades e os meios de tratamento dos dados pessoais. No que diz respeito a este s\u00edtio Web, o respons\u00e1vel pelo tratamento dos dados \u00e9 a Jingold s.p.a. com sede em Cesena, via F.Turati, 650 P. Iva n. 04030080404, Telefone: +39 0547 317476 - e.mail:\u00a0<a href=\"mailto:info@jingold.it\">info@jingold.it<\/a>, PEC\u00a0<a href=\"mailto:jingoldspa@legalmail.it\">jingoldspa@legalmail.it<\/a>.<\/p>\n<p><strong>Tratamento e dados pessoais<\/strong><br \/>Por tratamento entende-se qualquer opera\u00e7\u00e3o ou conjunto de opera\u00e7\u00f5es, efetuadas com ou sem a ajuda de processos automatizados e aplicadas a dados pessoais ou conjuntos de dados pessoais, tais como a recolha, o registo, a organiza\u00e7\u00e3o, a estrutura\u00e7\u00e3o, a conserva\u00e7\u00e3o, a adapta\u00e7\u00e3o ou altera\u00e7\u00e3o, a recupera\u00e7\u00e3o, a consulta, a utiliza\u00e7\u00e3o, a divulga\u00e7\u00e3o por transmiss\u00e3o, difus\u00e3o ou qualquer outra forma de disponibiliza\u00e7\u00e3o, a compara\u00e7\u00e3o ou interconex\u00e3o, a limita\u00e7\u00e3o, o apagamento ou a destrui\u00e7\u00e3o, tal como especificado mais pormenorizadamente no artigo 4. Por dados pessoais entende-se qualquer informa\u00e7\u00e3o relativa a uma pessoa singular identificada ou identific\u00e1vel (titular dos dados); por pessoa identific\u00e1vel entende-se uma pessoa singular que possa ser identificada, direta ou indiretamente, em especial por refer\u00eancia a um identificador, como por exemplo um nome, um n\u00famero de identifica\u00e7\u00e3o, dados de localiza\u00e7\u00e3o, identificadores por via eletr\u00f3nica ou a um ou mais elementos carater\u00edsticos da sua identidade f\u00edsica, fisiol\u00f3gica, gen\u00e9tica, mental, econ\u00f3mica, cultural ou social, tal como especificado no artigo 4.<\/p>\n<p><strong>O processador de dados<\/strong><br \/>O respons\u00e1vel pelo tratamento \u00e9 a pessoa singular ou colectiva, a autoridade p\u00fablica, o servi\u00e7o ou outro organismo que trata os dados pessoais por conta do respons\u00e1vel pelo tratamento.<\/p>\n<p>Nos termos do artigo 28.\u00ba do Regulamento UE n.\u00ba 2016\/679, ap\u00f3s a nomea\u00e7\u00e3o do respons\u00e1vel pelo tratamento de dados, o respons\u00e1vel pelo tratamento de dados deste s\u00edtio Web \u00e9 a Jingold s.p.a.<\/p>\n<p><strong>O local de processamento<\/strong><br \/>O tratamento dos dados gerados pela utiliza\u00e7\u00e3o do s\u00edtio Web \u00e9 efectuado na sede social do respons\u00e1vel pelo tratamento de dados e\/ou por quaisquer subcontratantes nomeados pelo respons\u00e1vel pelo tratamento de dados<\/p>\n<p>III. DADOS PROCESSADOS<br \/>Dados de navega\u00e7\u00e3o Os sistemas respons\u00e1veis pelo funcionamento do s\u00edtio Web adquirem, no decurso do seu funcionamento normal, determinados dados pessoais cuja transmiss\u00e3o est\u00e1 impl\u00edcita na utiliza\u00e7\u00e3o dos protocolos de comunica\u00e7\u00e3o da Internet. Estas informa\u00e7\u00f5es n\u00e3o s\u00e3o recolhidas para serem associadas a pessoas interessadas identificadas, mas, pela sua pr\u00f3pria natureza, podem, atrav\u00e9s do tratamento e da associa\u00e7\u00e3o com dados detidos por terceiros, permitir a identifica\u00e7\u00e3o dos utilizadores.<\/p>\n<ul>\n<li>As informa\u00e7\u00f5es recolhidas podem ser as seguintes:<\/li>\n<li>Endere\u00e7o de protocolo Internet (IP);<\/li>\n<li>tipo de navegador e par\u00e2metros do dispositivo utilizado para se ligar ao s\u00edtio;<\/li>\n<li>nome do fornecedor de servi\u00e7os Internet (ISP);<\/li>\n<li>data e hora da visita;<\/li>\n<li>a origem do visitante (refer\u00eancia) e as p\u00e1ginas Web de sa\u00edda;<\/li>\n<li>possivelmente o n\u00famero de cliques.<\/li>\n<\/ul>\n<p>Estas informa\u00e7\u00f5es s\u00e3o processadas automaticamente e recolhidas de forma agregada apenas para verificar o bom funcionamento do s\u00edtio e por raz\u00f5es de seguran\u00e7a.<\/p>\n<p>Por raz\u00f5es de seguran\u00e7a, alguns dados (como o endere\u00e7o IP) poder\u00e3o tamb\u00e9m ser utilizados, de acordo com a legisla\u00e7\u00e3o em vigor, para apurar responsabilidades em caso de hipot\u00e9ticos crimes inform\u00e1ticos contra o s\u00edtio.<\/p>\n<p><strong>Dados fornecidos voluntariamente pelo utilizador<\/strong><br \/>Trata-se principalmente dos seguintes dados: nome pr\u00f3prio, apelido, endere\u00e7o eletr\u00f3nico, data de nascimento, endere\u00e7o f\u00edsico, n\u00famero de telem\u00f3vel. A transmiss\u00e3o facultativa, expl\u00edcita e volunt\u00e1ria de dados por correio eletr\u00f3nico para o endere\u00e7o indicado neste s\u00edtio ou atrav\u00e9s do formul\u00e1rio de introdu\u00e7\u00e3o de dados neste s\u00edtio implica a aquisi\u00e7\u00e3o subsequente do endere\u00e7o do remetente, que \u00e9 necess\u00e1rio para responder aos pedidos, bem como quaisquer outros dados pessoais inclu\u00eddos na mensagem.<\/p>\n<p><strong>Biscoitos<br \/><\/strong>Este s\u00edtio utiliza cookies, pequenas cadeias de texto que servem para armazenar determinadas informa\u00e7\u00f5es que podem estar relacionadas com o utilizador, as suas prefer\u00eancias ou o seu dispositivo de acesso \u00e0 Internet (computador, tablet ou telem\u00f3vel): servem principalmente para adaptar o funcionamento do s\u00edtio \u00e0s expectativas do utilizador, oferecendo uma experi\u00eancia de navega\u00e7\u00e3o mais personalizada e armazenando as escolhas feitas anteriormente.<\/p>\n<p>Ao utilizar o s\u00edtio, o utilizador autoriza expressamente a utiliza\u00e7\u00e3o de cookies.<\/p>\n<p>Este s\u00edtio, por outro lado, n\u00e3o tem qualquer controlo sobre os cookies de terceiros, que s\u00e3o inteiramente geridos por estes \u00faltimos.<\/p>\n<p><strong>Desativar os cookies<\/strong><br \/>Uma vez que os cookies est\u00e3o ligados ao programa de navega\u00e7\u00e3o utilizado, podem ser desactivados diretamente a partir do programa de navega\u00e7\u00e3o, recusando ou revogando o consentimento para a sua utiliza\u00e7\u00e3o. No entanto, a desativa\u00e7\u00e3o dos cookies pode impedir a utiliza\u00e7\u00e3o correta de algumas fun\u00e7\u00f5es do s\u00edtio.<\/p>\n<p>As instru\u00e7\u00f5es para desativar os cookies podem ser encontradas nas p\u00e1ginas web dos navegadores:<br \/>Mozilla Firefox - Microsoft Internet Explorer - Microsoft Edge - Google Chrome - Opera - Apple Safari<\/p>\n<p>IV. OBJECTIVO DO TRATAMENTO DE DADOS<br \/>Os dados pessoais fornecidos ser\u00e3o tratados em conformidade com as condi\u00e7\u00f5es de licitude previstas no artigo 6.\u00ba do Regulamento UE 2016\/679 para as seguintes finalidades:<\/p>\n<ul>\n<li>navega\u00e7\u00e3o neste s\u00edtio Web;<\/li>\n<li>eventual preenchimento de formul\u00e1rios de recolha de dados para enviar um pedido de informa\u00e7\u00e3o ao respons\u00e1vel pelo tratamento de dados;<\/li>\n<li>cumprimento de obriga\u00e7\u00f5es contratuais e legais e fins administrativos e contabil\u00edsticos.<\/li>\n<\/ul>\n<p>Para efeitos de aplica\u00e7\u00e3o das disposi\u00e7\u00f5es relativas \u00e0 prote\u00e7\u00e3o dos dados pessoais, as opera\u00e7\u00f5es de tratamento efectuadas para fins administrativo-contabil\u00edsticos s\u00e3o as relacionadas com o exerc\u00edcio das actividades organizacionais, administrativas, financeiras e contabil\u00edsticas da Empresa.<\/p>\n<p>V. MODALIDADES DE TRATAMENTO<br \/><strong>Princ\u00edpios regulamentares<\/strong><br \/>O tratamento dos dados pessoais basear-se-\u00e1 nos princ\u00edpios de corre\u00e7\u00e3o, legalidade, transpar\u00eancia e essencialidade e ser\u00e1 efectuado com o m\u00e1ximo respeito pela limita\u00e7\u00e3o das finalidades e pela conserva\u00e7\u00e3o m\u00ednima dos dados recolhidos. A navega\u00e7\u00e3o no s\u00edtio Web, o tratamento manual em papel e o tratamento inform\u00e1tico-eletr\u00f3nico foram organizados de acordo com os princ\u00edpios fundamentais da regulamenta\u00e7\u00e3o em mat\u00e9ria de prote\u00e7\u00e3o de dados:<\/p>\n<ul>\n<li>Princ\u00edpio da responsabilidade: o tratamento \u00e9 gerido por respons\u00e1veis espec\u00edficos identificados na organiza\u00e7\u00e3o;<\/li>\n<li>princ\u00edpio da transpar\u00eancia: o tipo de tratamento a que s\u00e3o submetidos os dados de conte\u00fado e os dados electr\u00f3nicos \u00e9 indicado de forma clara e imediata;<\/li>\n<li>Princ\u00edpio da pertin\u00eancia da recolha: os dados pessoais s\u00e3o tratados de forma l\u00edcita e correta; s\u00e3o registados para finalidades determinadas, expl\u00edcitas e leg\u00edtimas, de acordo com as fun\u00e7\u00f5es institucionais da Empresa; s\u00e3o pertinentes e n\u00e3o excessivos para as finalidades do tratamento; s\u00e3o conservados durante o tempo necess\u00e1rio para as finalidades da recolha;<\/li>\n<li>Princ\u00edpios de limita\u00e7\u00e3o da finalidade, minimiza\u00e7\u00e3o de dados e limita\u00e7\u00e3o do armazenamento: O per\u00edodo de processamento e armazenamento de dados pessoais \u00e9 limitado ao m\u00ednimo necess\u00e1rio. Os dados pessoais s\u00f3 s\u00e3o conservados se a finalidade do tratamento n\u00e3o puder ser razoavelmente alcan\u00e7ada por outros meios. Os dados pessoais s\u00e3o tamb\u00e9m eliminados logo que a finalidade da sua utiliza\u00e7\u00e3o tenha sido cumprida;<\/li>\n<li>Princ\u00edpio da finalidade da utiliza\u00e7\u00e3o: as finalidades do tratamento dos dados pessoais s\u00e3o as j\u00e1 indicadas no par\u00e1grafo correspondente. Qualquer novo tratamento de dados, se n\u00e3o estiver relacionado com as finalidades indicadas, s\u00f3 ser\u00e1 ativado ap\u00f3s terem sido fornecidas novas informa\u00e7\u00f5es \u00e0 pessoa em causa;<\/li>\n<li>princ\u00edpio da verificabilidade: os dados pessoais s\u00e3o exactos e actualizados ao longo do tempo. S\u00e3o igualmente organizados e armazenados de forma a que o titular dos dados tenha a possibilidade de saber, se o desejar, que informa\u00e7\u00f5es foram recolhidas e registadas, bem como de verificar a sua qualidade e solicitar a sua corre\u00e7\u00e3o, integra\u00e7\u00e3o, desindexa\u00e7\u00e3o dos motores de busca, supress\u00e3o por viola\u00e7\u00e3o da lei ou oposi\u00e7\u00e3o ao tratamento e exercer todos os outros direitos, nos termos e dentro dos limites do Regulamento UE 2016\/679, enviando o pedido para o seguinte e-mail: <a href=\"mailto:info@jingold.it\">info@jingold.it<\/a><\/li>\n<li>Princ\u00edpio da seguran\u00e7a: os dados pessoais s\u00e3o protegidos por medidas de seguran\u00e7a t\u00e9cnicas, inform\u00e1ticas, organizativas, log\u00edsticas e processuais contra os riscos de destrui\u00e7\u00e3o ou perda, mesmo acidental, e contra o acesso n\u00e3o autorizado ou o tratamento n\u00e3o autorizado. Estas medidas s\u00e3o actualizadas periodicamente com base no progresso t\u00e9cnico, na natureza dos dados e nas carater\u00edsticas espec\u00edficas do tratamento, sendo constantemente acompanhadas e verificadas ao longo do tempo.<\/li>\n<\/ul>\n<p><strong>Modalidades de tratamento<\/strong><br \/>Os dados s\u00e3o recolhidos de duas formas: registo manual direto entre um funcion\u00e1rio e\/ou representante e registo do utilizador atrav\u00e9s de e.mail e do s\u00edtio Web www.jingold.it e corporate.jingold.it<\/p>\n<p>O tratamento dos dados pode ser efectuado atrav\u00e9s de instrumentos em papel e\/ou digitais, garantindo sempre a absoluta confidencialidade, pertin\u00eancia e n\u00e3o excedendo as finalidades acima descritas. O Controlador de Dados n\u00e3o assume qualquer responsabilidade pelas regras e m\u00e9todos de gest\u00e3o de dados pessoais adoptados por websites n\u00e3o relacionados com o da Jingold s.p.a. mas acess\u00edveis a partir das p\u00e1ginas digitais atrav\u00e9s de liga\u00e7\u00f5es e refer\u00eancias cruzadas.<\/p>\n<p>VI. DIREITOS DOS UTILIZADORES<br \/>O utilizador pode, nas modalidades e dentro dos limites previstos pela legisla\u00e7\u00e3o em vigor, tomar conhecimento dos dados tratados e, se as condi\u00e7\u00f5es estiverem reunidas, exercer os diferentes direitos relativos \u00e0 sua utiliza\u00e7\u00e3o (direito de acesso, retifica\u00e7\u00e3o, atualiza\u00e7\u00e3o, integra\u00e7\u00e3o, supress\u00e3o, limita\u00e7\u00e3o do tratamento, portabilidade, revoga\u00e7\u00e3o do consentimento para o tratamento direito de obter uma c\u00f3pia dos seus pr\u00f3prios dados se estes estiverem armazenados em pa\u00edses fora da Uni\u00e3o Europeia, bem como de obter informa\u00e7\u00f5es sobre o local onde esses dados s\u00e3o armazenados ou transferidos), bem como de se opor, por motivos leg\u00edtimos, ao seu tratamento espec\u00edfico e, em qualquer caso, \u00e0 sua utiliza\u00e7\u00e3o para fins comerciais, no todo ou em parte, incluindo a utiliza\u00e7\u00e3o de meios automatizados. Os pedidos devem ser dirigidos ao respons\u00e1vel pelo tratamento de dados, enviando uma mensagem eletr\u00f3nica para o endere\u00e7o\u00a0<a href=\"mailto:info@jingold.it\">info@jingold.it<\/a>.<\/p>\n<p>VII. COMUNICA\u00c7\u00c3O A PA\u00cdSES TERCEIROS E ORGANIZA\u00c7\u00d5ES INTERNACIONAIS<br \/>O tratamento de dados pode tamb\u00e9m consistir na sua comunica\u00e7\u00e3o ao estrangeiro, tanto dentro como fora da Uni\u00e3o Europeia, no contexto de objectivos destinados a promover o com\u00e9rcio internacional e ser\u00e1 limitado aos dados estritamente necess\u00e1rios. Note-se que a comunica\u00e7\u00e3o dos dados tratados a pa\u00edses terceiros FORA da UE ou a organiza\u00e7\u00f5es internacionais s\u00f3 ter\u00e1 lugar quando se verificar pelo menos uma das seguintes condi\u00e7\u00f5es: exist\u00eancia de regras empresariais vinculativas; exist\u00eancia de um interesse leg\u00edtimo do respons\u00e1vel pelo tratamento dos dados.<\/p>\n<p>VIII. VIOLA\u00c7\u00c3O DE DADOS<br \/>Em caso de perda dos dados do titular dos dados (caso de Viola\u00e7\u00e3o de Dados), a Empresa Jingold s.p.a. notificar\u00e1 imediatamente este \u00faltimo e as Autoridades competentes.<\/p>\n<p>IX. ALTERA\u00c7\u00d5ES AO PRESENTE DOCUMENTO<br \/>O presente documento pode ser alterado e\/ou atualizado a qualquer momento. O utilizador \u00e9 obrigado a verificar periodicamente se existem altera\u00e7\u00f5es: para facilitar esta verifica\u00e7\u00e3o, o aviso cont\u00e9m uma indica\u00e7\u00e3o da data da atualiza\u00e7\u00e3o. Em caso de altera\u00e7\u00f5es e\/ou actualiza\u00e7\u00f5es significativas, o utilizador ser\u00e1 notificado em conformidade. A utiliza\u00e7\u00e3o do s\u00edtio ap\u00f3s a publica\u00e7\u00e3o das altera\u00e7\u00f5es constitui uma aceita\u00e7\u00e3o das mesmas.<\/p>\t\t\t\t\t\t\t\t<\/div>\n\t\t\t\t<\/div>\n\t\t\t\t<\/div>","protected":false},"excerpt":{"rendered":"<p>Policy Data Protection Regolamento UE 2016\/679 Societ\u00e0 Jingold s.p.a. \u00a0 I. INFORMAZIONI RELATIVE ALLA PRIVACY POLICY DEL SITOIn questo documento [&hellip;]<\/p>\n","protected":false},"author":1,"featured_media":0,"parent":0,"menu_order":0,"comment_status":"closed","ping_status":"closed","template":"elementor_header_footer","meta":{"_acf_changed":false,"site-sidebar-layout":"default","site-content-layout":"","ast-site-content-layout":"","site-content-style":"default","site-sidebar-style":"default","ast-global-header-display":"","ast-banner-title-visibility":"","ast-main-header-display":"","ast-hfb-above-header-display":"","ast-hfb-below-header-display":"","ast-hfb-mobile-header-display":"","site-post-title":"","ast-breadcrumbs-content":"","ast-featured-img":"","footer-sml-layout":"","theme-transparent-header-meta":"","adv-header-id-meta":"","stick-header-meta":"","header-above-stick-meta":"","header-main-stick-meta":"","header-below-stick-meta":"","astra-migrate-meta-layouts":"default","ast-page-background-enabled":"default","ast-page-background-meta":{"desktop":{"background-color":"var(--ast-global-color-5)","background-image":"","background-repeat":"repeat","background-position":"center center","background-size":"auto","background-attachment":"scroll","background-type":"","background-media":"","overlay-type":"","overlay-color":"","overlay-opacity":"","overlay-gradient":""},"tablet":{"background-color":"","background-image":"","background-repeat":"repeat","background-position":"center center","background-size":"auto","background-attachment":"scroll","background-type":"","background-media":"","overlay-type":"","overlay-color":"","overlay-opacity":"","overlay-gradient":""},"mobile":{"background-color":"","background-image":"","background-repeat":"repeat","background-position":"center center","background-size":"auto","background-attachment":"scroll","background-type":"","background-media":"","overlay-type":"","overlay-color":"","overlay-opacity":"","overlay-gradient":""}},"ast-content-background-meta":{"desktop":{"background-color":"var(--ast-global-color-4)","background-image":"","background-repeat":"repeat","background-position":"center center","background-size":"auto","background-attachment":"scroll","background-type":"","background-media":"","overlay-type":"","overlay-color":"","overlay-opacity":"","overlay-gradient":""},"tablet":{"background-color":"var(--ast-global-color-4)","background-image":"","background-repeat":"repeat","background-position":"center center","background-size":"auto","background-attachment":"scroll","background-type":"","background-media":"","overlay-type":"","overlay-color":"","overlay-opacity":"","overlay-gradient":""},"mobile":{"background-color":"var(--ast-global-color-4)","background-image":"","background-repeat":"repeat","background-position":"center center","background-size":"auto","background-attachment":"scroll","background-type":"","background-media":"","overlay-type":"","overlay-color":"","overlay-opacity":"","overlay-gradient":""}},"footnotes":""},"class_list":["post-3","page","type-page","status-publish","hentry"],"acf":[],"yoast_head":"<!-- This site is optimized with the Yoast SEO plugin v26.9 - https:\/\/yoast.com\/product\/yoast-seo-wordpress\/ -->\n<title>Privacy Policy - Jingold<\/title>\n<meta name=\"robots\" content=\"index, follow, max-snippet:-1, max-image-preview:large, max-video-preview:-1\" \/>\n<link rel=\"canonical\" href=\"https:\/\/www.jingold.it\/pt\/politica-de-privacidade\/\" \/>\n<meta property=\"og:locale\" content=\"pt_PT\" \/>\n<meta property=\"og:type\" content=\"article\" \/>\n<meta property=\"og:title\" content=\"Privacy Policy - Jingold\" \/>\n<meta property=\"og:description\" content=\"Policy Data Protection Regolamento UE 2016\/679 Societ\u00e0 Jingold s.p.a. \u00a0 I. INFORMAZIONI RELATIVE ALLA PRIVACY POLICY DEL SITOIn questo documento [&hellip;]\" \/>\n<meta property=\"og:url\" content=\"https:\/\/www.jingold.it\/pt\/politica-de-privacidade\/\" \/>\n<meta property=\"og:site_name\" content=\"Jingold\" \/>\n<meta property=\"article:modified_time\" content=\"2026-03-12T09:34:31+00:00\" \/>\n<meta name=\"twitter:card\" content=\"summary_large_image\" \/>\n<meta name=\"twitter:label1\" content=\"Tempo estimado de leitura\" \/>\n\t<meta name=\"twitter:data1\" content=\"8 minutos\" \/>\n<script type=\"application\/ld+json\" class=\"yoast-schema-graph\">{\"@context\":\"https:\/\/schema.org\",\"@graph\":[{\"@type\":\"WebPage\",\"@id\":\"https:\/\/www.jingold.it\/privacy-policy\/\",\"url\":\"https:\/\/www.jingold.it\/privacy-policy\/\",\"name\":\"Privacy Policy - Jingold\",\"isPartOf\":{\"@id\":\"https:\/\/www.jingold.it\/#website\"},\"datePublished\":\"2026-02-06T08:58:04+00:00\",\"dateModified\":\"2026-03-12T09:34:31+00:00\",\"breadcrumb\":{\"@id\":\"https:\/\/www.jingold.it\/privacy-policy\/#breadcrumb\"},\"inLanguage\":\"pt-PT\",\"potentialAction\":[{\"@type\":\"ReadAction\",\"target\":[\"https:\/\/www.jingold.it\/privacy-policy\/\"]}]},{\"@type\":\"BreadcrumbList\",\"@id\":\"https:\/\/www.jingold.it\/privacy-policy\/#breadcrumb\",\"itemListElement\":[{\"@type\":\"ListItem\",\"position\":1,\"name\":\"Home\",\"item\":\"https:\/\/www.jingold.it\/\"},{\"@type\":\"ListItem\",\"position\":2,\"name\":\"Privacy Policy\"}]},{\"@type\":\"WebSite\",\"@id\":\"https:\/\/www.jingold.it\/#website\",\"url\":\"https:\/\/www.jingold.it\/\",\"name\":\"Jingold\",\"description\":\"Kiwi giallo, rosso e verde\",\"publisher\":{\"@id\":\"https:\/\/www.jingold.it\/#organization\"},\"potentialAction\":[{\"@type\":\"SearchAction\",\"target\":{\"@type\":\"EntryPoint\",\"urlTemplate\":\"https:\/\/www.jingold.it\/?s={search_term_string}\"},\"query-input\":{\"@type\":\"PropertyValueSpecification\",\"valueRequired\":true,\"valueName\":\"search_term_string\"}}],\"inLanguage\":\"pt-PT\"},{\"@type\":\"Organization\",\"@id\":\"https:\/\/www.jingold.it\/#organization\",\"name\":\"Jingold\",\"url\":\"https:\/\/www.jingold.it\/\",\"logo\":{\"@type\":\"ImageObject\",\"inLanguage\":\"pt-PT\",\"@id\":\"https:\/\/www.jingold.it\/#\/schema\/logo\/image\/\",\"url\":\"https:\/\/www.jingold.it\/wp-content\/uploads\/2026\/02\/LOGO-7.png\",\"contentUrl\":\"https:\/\/www.jingold.it\/wp-content\/uploads\/2026\/02\/LOGO-7.png\",\"width\":309,\"height\":85,\"caption\":\"Jingold\"},\"image\":{\"@id\":\"https:\/\/www.jingold.it\/#\/schema\/logo\/image\/\"}}]}<\/script>\n<!-- \/ Yoast SEO plugin. -->","yoast_head_json":{"title":"Pol\u00edtica de privacidade - Jingold","robots":{"index":"index","follow":"follow","max-snippet":"max-snippet:-1","max-image-preview":"max-image-preview:large","max-video-preview":"max-video-preview:-1"},"canonical":"https:\/\/www.jingold.it\/pt\/politica-de-privacidade\/","og_locale":"pt_PT","og_type":"article","og_title":"Privacy Policy - Jingold","og_description":"Policy Data Protection Regolamento UE 2016\/679 Societ\u00e0 Jingold s.p.a. \u00a0 I. INFORMAZIONI RELATIVE ALLA PRIVACY POLICY DEL SITOIn questo documento [&hellip;]","og_url":"https:\/\/www.jingold.it\/pt\/politica-de-privacidade\/","og_site_name":"Jingold","article_modified_time":"2026-03-12T09:34:31+00:00","twitter_card":"summary_large_image","twitter_misc":{"Tempo estimado de leitura":"8 minutos"},"schema":{"@context":"https:\/\/schema.org","@graph":[{"@type":"WebPage","@id":"https:\/\/www.jingold.it\/privacy-policy\/","url":"https:\/\/www.jingold.it\/privacy-policy\/","name":"Pol\u00edtica de privacidade - Jingold","isPartOf":{"@id":"https:\/\/www.jingold.it\/#website"},"datePublished":"2026-02-06T08:58:04+00:00","dateModified":"2026-03-12T09:34:31+00:00","breadcrumb":{"@id":"https:\/\/www.jingold.it\/privacy-policy\/#breadcrumb"},"inLanguage":"pt-PT","potentialAction":[{"@type":"ReadAction","target":["https:\/\/www.jingold.it\/privacy-policy\/"]}]},{"@type":"BreadcrumbList","@id":"https:\/\/www.jingold.it\/privacy-policy\/#breadcrumb","itemListElement":[{"@type":"ListItem","position":1,"name":"Home","item":"https:\/\/www.jingold.it\/"},{"@type":"ListItem","position":2,"name":"Privacy Policy"}]},{"@type":"WebSite","@id":"https:\/\/www.jingold.it\/#website","url":"https:\/\/www.jingold.it\/","name":"Jingold","description":"Kiwi amarelo, vermelho e verde","publisher":{"@id":"https:\/\/www.jingold.it\/#organization"},"potentialAction":[{"@type":"SearchAction","target":{"@type":"EntryPoint","urlTemplate":"https:\/\/www.jingold.it\/?s={search_term_string}"},"query-input":{"@type":"PropertyValueSpecification","valueRequired":true,"valueName":"search_term_string"}}],"inLanguage":"pt-PT"},{"@type":"Organization","@id":"https:\/\/www.jingold.it\/#organization","name":"Jingold","url":"https:\/\/www.jingold.it\/","logo":{"@type":"ImageObject","inLanguage":"pt-PT","@id":"https:\/\/www.jingold.it\/#\/schema\/logo\/image\/","url":"https:\/\/www.jingold.it\/wp-content\/uploads\/2026\/02\/LOGO-7.png","contentUrl":"https:\/\/www.jingold.it\/wp-content\/uploads\/2026\/02\/LOGO-7.png","width":309,"height":85,"caption":"Jingold"},"image":{"@id":"https:\/\/www.jingold.it\/#\/schema\/logo\/image\/"}}]}},"_links":{"self":[{"href":"https:\/\/www.jingold.it\/pt\/wp-json\/wp\/v2\/pages\/3","targetHints":{"allow":["GET"]}}],"collection":[{"href":"https:\/\/www.jingold.it\/pt\/wp-json\/wp\/v2\/pages"}],"about":[{"href":"https:\/\/www.jingold.it\/pt\/wp-json\/wp\/v2\/types\/page"}],"author":[{"embeddable":true,"href":"https:\/\/www.jingold.it\/pt\/wp-json\/wp\/v2\/users\/1"}],"replies":[{"embeddable":true,"href":"https:\/\/www.jingold.it\/pt\/wp-json\/wp\/v2\/comments?post=3"}],"version-history":[{"count":10,"href":"https:\/\/www.jingold.it\/pt\/wp-json\/wp\/v2\/pages\/3\/revisions"}],"predecessor-version":[{"id":3077,"href":"https:\/\/www.jingold.it\/pt\/wp-json\/wp\/v2\/pages\/3\/revisions\/3077"}],"wp:attachment":[{"href":"https:\/\/www.jingold.it\/pt\/wp-json\/wp\/v2\/media?parent=3"}],"curies":[{"name":"wp","href":"https:\/\/api.w.org\/{rel}","templated":true}]}}